{"id":1433,"date":"2019-10-29T13:57:32","date_gmt":"2019-10-29T13:57:32","guid":{"rendered":"http:\/\/www.hotelcalina.com\/politica-de-cookies\/"},"modified":"2022-08-03T14:26:15","modified_gmt":"2022-08-03T14:26:15","slug":"politique-de-cookies","status":"publish","type":"page","link":"https:\/\/www.hotelcalina.com\/fr\/politique-de-cookies\/","title":{"rendered":"Politique de cookies"},"content":{"rendered":"<p>[vc_row][vc_column][vc_column_text]<strong>INFORMATIONS SUR LES COOKIES<\/strong><\/p>\n<p>En raison de l&rsquo;entr\u00e9e en vigueur de la modification de r\u00e9f\u00e9rence de la \u00ab\u00a0Loi sur les services de la soci\u00e9t\u00e9 de l&rsquo;information\u00a0\u00bb (LSSICE) \u00e9tablie par le d\u00e9cret royal 13\/2012, il est obligatoire d&rsquo;obtenir le consentement expr\u00e8s de l&rsquo;utilisateur de toutes les pages Web qui Ils utilisent des cookies dispensables, avant de les parcourir.<\/p>\n<p>&nbsp;<\/p>\n<p><strong>QUE SONT LES COOKIES?<\/strong><\/p>\n<p>Les cookies et autres technologies similaires telles que les objets partag\u00e9s locaux, les cookies flash ou les pixels, sont des outils utilis\u00e9s par les serveurs Web pour stocker et r\u00e9cup\u00e9rer des informations sur leurs visiteurs, ainsi que pour offrir un fonctionnement correct du site.<\/p>\n<p>Gr\u00e2ce \u00e0 l&rsquo;utilisation de ces dispositifs, le serveur Web est autoris\u00e9 \u00e0 m\u00e9moriser certaines donn\u00e9es concernant l&rsquo;utilisateur, telles que ses pr\u00e9f\u00e9rences pour la visualisation des pages de ce serveur, son nom et son mot de passe, les produits qui l&rsquo;int\u00e9ressent le plus, etc.<\/p>\n<p>&nbsp;<\/p>\n<p><strong>COOKIES AFFECT\u00c9S PAR LA R\u00c9GLEMENTATION ET COOKIES EXCEPT\u00c9S<\/strong><\/p>\n<p>Selon la directive europ\u00e9enne, les cookies qui n\u00e9cessitent le consentement \u00e9clair\u00e9 de l&rsquo;utilisateur sont les cookies analytiques et les cookies publicitaires et d&rsquo;affiliation, \u00e0 l&rsquo;exception de ceux \u00e0 caract\u00e8re technique et de ceux n\u00e9cessaires au fonctionnement du site internet ou \u00e0 la fourniture de services express\u00e9ment demand\u00e9s par l&rsquo;utilisateur.<\/p>\n<p><strong>TYPES DE COOKIES<\/strong><\/p>\n<p><strong>SELON LE BUT<\/strong><\/p>\n<p><strong>Cookies techniques et fonctionnels:<\/strong> sont ceux qui permettent \u00e0 l&rsquo;utilisateur de naviguer sur une page Web, une plate-forme ou une application et d&rsquo;utiliser les diff\u00e9rentes options ou services qui y existent.<\/p>\n<p><strong>Cookies analytiques:<\/strong> sont ceux qui permettent \u00e0 la personne qui en est responsable de surveiller et d&rsquo;analyser le comportement des utilisateurs des sites Web auxquels ils sont li\u00e9s. Les informations recueillies par ce type de cookies sont utilis\u00e9es pour mesurer l&rsquo;activit\u00e9 des sites, applications ou plateformes et pour cr\u00e9er des profils de navigation des utilisateurs desdits sites, applications et plateformes, afin d&rsquo;introduire des am\u00e9liorations en fonction de l&rsquo;analyse de l&rsquo;utilisation. donn\u00e9es faites par les utilisateurs du service.<\/p>\n<p><strong>Cookies publicitaires:<\/strong> sont ceux qui permettent la gestion, de la mani\u00e8re la plus efficace possible, des espaces publicitaires que, le cas \u00e9ch\u00e9ant, l&rsquo;\u00e9diteur a inclus dans une page Web, une application ou une plate-forme \u00e0 partir de laquelle il fournit le service demand\u00e9 en fonction de crit\u00e8res tels que le contenu \u00e9dit\u00e9 ou la fr\u00e9quence d&rsquo;affichage des publicit\u00e9s.<\/p>\n<p><strong>Cookies publicitaires comportementaux:<\/strong> collectent des informations sur les pr\u00e9f\u00e9rences et les choix personnels de l&rsquo;utilisateur (retargeting) pour permettre la gestion la plus efficace possible des espaces publicitaires que, le cas \u00e9ch\u00e9ant, l&rsquo;\u00e9diteur a inclus dans une page Web, une application ou plate-forme \u00e0 partir de laquelle il fournit le service demand\u00e9.<\/p>\n<p><strong>Cookies sociaux:<\/strong> sont d\u00e9finis par les plateformes de m\u00e9dias sociaux sur les Services pour vous permettre de partager du contenu avec vos amis et vos r\u00e9seaux. Les plateformes de m\u00e9dias sociaux ont la capacit\u00e9 de suivre votre activit\u00e9 en ligne en dehors des Services. Cela peut affecter le contenu et les messages que vous voyez sur les autres services que vous visitez.<\/p>\n<p><strong>Cookies d&rsquo;affiliation:<\/strong> permettent de suivre les visites d&rsquo;autres sites Web, avec lesquels le site Web \u00e9tablit un contrat d&rsquo;affiliation (soci\u00e9t\u00e9s affili\u00e9es).<\/p>\n<p><strong>Cookies de s\u00e9curit\u00e9:<\/strong> ils stockent des informations crypt\u00e9es pour \u00e9viter que les donn\u00e9es qui y sont stock\u00e9es ne soient vuln\u00e9rables aux attaques malveillantes de tiers.<\/p>\n<p><strong>SELON LE PROPRI\u00c9TAIRE<\/strong><\/p>\n<p><strong>Cookies propres:<\/strong> sont ceux qui sont envoy\u00e9s \u00e0 l&rsquo;\u00e9quipement terminal de l&rsquo;utilisateur \u00e0 partir d&rsquo;un ordinateur ou d&rsquo;un domaine g\u00e9r\u00e9 par l&rsquo;\u00e9diteur lui-m\u00eame et \u00e0 partir duquel le service demand\u00e9 par l&rsquo;utilisateur est fourni.<\/p>\n<p><strong>Cookies tiers:<\/strong> sont ceux qui sont envoy\u00e9s \u00e0 l&rsquo;\u00e9quipement terminal de l&rsquo;utilisateur \u00e0 partir d&rsquo;un ordinateur ou d&rsquo;un domaine qui n&rsquo;est pas g\u00e9r\u00e9 par l&rsquo;\u00e9diteur, mais par une autre entit\u00e9 qui traite les donn\u00e9es obtenues gr\u00e2ce aux cookies.<\/p>\n<p><strong>SELON LA P\u00c9RIODE DE CONSERVATION<\/strong><\/p>\n<p><strong>Cookies de session:<\/strong> sont un type de cookies con\u00e7us pour collecter et stocker des donn\u00e9es pendant que l&rsquo;utilisateur acc\u00e8de \u00e0 une page Web.<\/p>\n<p><strong>Cookies persistentes:<\/strong> son un tipo de cookies en el que los datos siguen almacenados en el terminal y pueden ser accedidos y tratados durante un per\u00edodo definido por el responsable de la cookie, y que puede ir de unos minutos a plusieurs ann\u00e9es.<\/p>\n<p>&nbsp;<\/p>\n<p><strong>TRAITEMENT DES DONN\u00c9ES PERSONNELLES<\/strong><\/p>\n<p>H\u00d4TEL CALINA 2016, S.L. est le <strong>responsable du traitement<\/strong> des donn\u00e9es personnelles de la <strong>partie int\u00e9ress\u00e9e<\/strong> et vous informe que ces donn\u00e9es seront trait\u00e9es conform\u00e9ment aux dispositions du r\u00e8glement (UE) 2016\/679 , du 27 avril 2016 (GDPR), pour lequel les informations suivantes sont fourniesformation th\u00e9rapeutique :<br \/>\n<strong>Finalit\u00e9s du traitement:<\/strong> comme sp\u00e9cifi\u00e9 dans la section sur les cookies utilis\u00e9s sur ce site Web.<br \/>\n<strong>L\u00e9gitimation du traitement:<\/strong> par consentement de l&rsquo;int\u00e9ress\u00e9 (art. 6.1 GDPR).<br \/>\n<strong>Crit\u00e8res de conservation des donn\u00e9es:<\/strong> comme sp\u00e9cifi\u00e9 dans la section sur les cookies utilis\u00e9s sur le Web.<br \/>\n<strong>Communication des donn\u00e9es:<\/strong> les donn\u00e9es ne seront pas communiqu\u00e9es \u00e0 des tiers, sauf dans les cookies appartenant \u00e0 des tiers ou par obligation l\u00e9gale.<\/p>\n<p><strong>Droits de la partie int\u00e9ress\u00e9e:<\/strong><br \/>\n&#8211; Droit de retirer son consentement \u00e0 tout moment.<br \/>\n&#8211; Droit d&rsquo;acc\u00e8s, de rectification, de portabilit\u00e9 et de suppression de vos donn\u00e9es, et de limitation ou d&rsquo;opposition \u00e0 leur traitement.<br \/>\n&#8211; Droit de d\u00e9poser une r\u00e9clamation aupr\u00e8s de l&rsquo;Autorit\u00e9 de contr\u00f4le (www.aepd.es) si vous consid\u00e9rez que le traitement n&rsquo;est pas conforme \u00e0 la r\u00e9glementation en vigueur.<\/p>\n<p><strong>Coordonn\u00e9es pour exercer vos droits:<\/strong><br \/>\nH\u00d4TEL CALINA 2016, S.L. AV. SALVADOR DALI, 33. PLATJA PORT LLIGAT, &#8211; 17488 CADAQUES (G\u00e9rone). Courriel : direct@hotelcalina.com<\/p>\n<p>&nbsp;<\/p>\n<p><strong>COOKIES UTILIS\u00c9S SUR CE SITE WEB<\/strong><\/p>\n<p><strong>COOKIES CONTR\u00d4L\u00c9S PAR L&rsquo;\u00c9DITEUR<\/strong><\/p>\n<p><strong>Technique et fonctionnel:<\/strong><\/p>\n<table style=\"border-collapse: collapse; width: 100%;\" bordure=\"1\">\n<tbody>\n<tr style=\"height: 24px;\">\n<td style=\"width: 25%; height: 24px; text-align: center;\"><strong>Propri\u00e9t\u00e9<\/strong><\/td>\n<td style=\"width: 25%; height: 24px; text-align: center;\"><strong>Cookie<\/strong><\/td>\n<td style=\"width: 25%; height: 24px; text-align: center;\"><strong>Objectif<\/strong><\/td>\n<td style=\"width: 25%; height: 24px; text-align: center;\"><strong>Terme<\/strong><\/td>\n<\/tr>\n<tr style=\"height: 24px;\">\n<td style=\"width: 25%; height: 24px;\">google.com<\/td>\n<td style=\"width: 25%; height: 24px;\">__Secure-3PSIDC<br \/>\nC<\/td>\n<td style=\"width: 25%; height: 24px;\">Cookie n\u00e9cessaire \u00e0 l&rsquo;utilisation des options et<br \/>\nservices de site Web<\/td>\n<td style=\"width: 25%; height: 24px;\">dans un an<\/td>\n<\/tr>\n<tr style=\"height: 24px;\">\n<td style=\"width: 25%; height: 24px;\">google.com<\/td>\n<td style=\"width: 25%; height: 24px;\">CONSENTEMENT<\/td>\n<td style=\"width: 25%; height: 24px;\">Google Cookie Consent Tracker<\/td>\n<td style=\"width: 25%; height: 24px;\">dans 17ans<\/td>\n<\/tr>\n<tr style=\"height: 24px;\">\n<td style=\"width: 25%; height: 24px;\">google.com<\/td>\n<td style=\"width: 25%; height: 24px;\">SEARCH_SAMESI<br \/>\nVOUS<\/td>\n<td style=\"width: 25%; height: 24px;\">SameSite emp\u00eache le navigateur d&rsquo;envoyer ce cookie avec<br \/>\nrequ\u00eates intersites. L&rsquo;objectif principal est d&rsquo;att\u00e9nuer les<br \/>\nrisque de fuite d&rsquo;informations d&rsquo;origine crois\u00e9e. Aussi<br \/>\noffre une certaine protection contre les attaques par usurpation d&rsquo;identit\u00e9<br \/>\nrequ\u00eates intersites.<\/td>\n<td style=\"width: 25%; height: 24px;\">dans 4mois<\/td>\n<\/tr>\n<tr style=\"height: 24px;\">\n<td style=\"width: 25%; height: 24px;\">hotelcalina.com<\/td>\n<td style=\"width: 25%; height: 24px;\">case \u00e0 cocherinfoloi relative aux cookiesn\u00e9cessaire<\/td>\n<td style=\"width: 25%; height: 24px;\">Cookie n\u00e9cessaire \u00e0 l&rsquo;utilisation des options et<br \/>\nservices de site Web<\/td>\n<td style=\"width: 25%; height: 24px;\">Session<\/td>\n<\/tr>\n<tr style=\"height: 24px;\">\n<td style=\"width: 25%; height: 24px;\">hotelcalina.com<\/td>\n<td style=\"width: 25%; height: 24px;\">cookielawinfocheckbox-nonnecessary<\/td>\n<td style=\"width: 25%; height: 24px;\">Cookie n\u00e9cessaire \u00e0 l&rsquo;utilisation des options et<br \/>\nservices de site Web<\/td>\n<td style=\"width: 25%; height: 24px;\">dans un an<\/td>\n<\/tr>\n<\/tbody>\n<\/table>\n<p><strong>Analytique:<\/strong><\/p>\n<table style=\"border-collapse: collapse; width: 100%;\" bordure=\"1\">\n<tbody>\n<tr style=\"height: 24px;\">\n<td style=\"width: 25%; text-align: center; height: 24px;\"><strong>Propri\u00e9t\u00e9<\/strong><\/td>\n<td style=\"width: 25%; text-align: center; height: 24px;\"><strong>Cookie<\/strong><\/td>\n<td style=\"width: 25%; text-align: center; height: 24px;\"><strong>Objectif<\/strong><\/td>\n<td style=\"width: 25%; text-align: center; height: 24px;\"><strong>Terme<\/strong><\/td>\n<\/tr>\n<tr style=\"height: 24px;\">\n<td style=\"width: 25%; height: 24px;\">google.com<\/td>\n<td style=\"width: 25%; height: 24px;\">__Secure-3PAPISI<br \/>\nD<\/td>\n<td style=\"width: 25%; height: 24px;\">Ces cookies sont utilis\u00e9s pour diffuser des annonces plus<br \/>\npertinent pour vous et vos int\u00e9r\u00eats.<\/td>\n<td style=\"width: 25%; height: 24px;\">dans 2ans<\/td>\n<\/tr>\n<tr style=\"height: 24px;\">\n<td style=\"width: 25%; height: 24px;\">google.com<\/td>\n<td style=\"width: 25%; height: 24px;\">__Secure-3PSID<\/td>\n<td style=\"width: 25%; height: 24px;\">Ces cookies sont utilis\u00e9s pour diffuser des annonces plus<br \/>\npertinent pour vous et vos int\u00e9r\u00eats.<\/td>\n<td style=\"width: 25%; height: 24px;\">dans 2ans<\/td>\n<\/tr>\n<tr style=\"height: 24px;\">\n<td style=\"width: 25%; height: 24px;\">hotelcalina.com<\/td>\n<td style=\"width: 25%; height: 24px;\">_ga<\/td>\n<td style=\"width: 25%; height: 24px;\">ID utilis\u00e9 pour identifier les utilisateurs<\/td>\n<td style=\"width: 25%; height: 24px;\">dans 2ans<\/td>\n<\/tr>\n<tr style=\"height: 24px;\">\n<td style=\"width: 25%; height: 24px;\">hotelcalina.com<\/td>\n<td style=\"width: 25%; height: 24px;\">_gat<\/td>\n<td style=\"width: 25%; height: 24px;\">Utilis\u00e9 pour surveiller le nombre de requ\u00eates au serveur<br \/>\n    de Google Analytics lors de l&rsquo;utilisation du gestionnaire de<br \/>\n    Balises Google<\/td>\n<td style=\"width: 25%; height: 24px;\">Session<\/td>\n<\/tr>\n<tr style=\"height: 24px;\">\n<td style=\"width: 25%; height: 24px;\">hotelcalina.com<\/td>\n<td style=\"width: 25%; height: 24px;\">_gid<\/td>\n<td style=\"width: 25%; height: 24px;\">Identifiant utilis\u00e9 pour identifier les utilisateurs pendant 24heures<br \/>\n    apr\u00e8s la derni\u00e8re activit\u00e9<\/td>\n<td style=\"width: 25%; height: 24px;\">en 22heures<\/td>\n<\/tr>\n<\/tbody>\n<\/table>\n<p>    <strong>Publicit\u00e9:<\/strong><\/p>\n<table style=\"border-collapse: collapse; width: 100%;\" bordure=\"1\">\n<tbody>\n<tr style=\"height: 24px;\">\n<td style=\"width: 25%; height: 24px; text-align: center;\"><strong>Propri\u00e9t\u00e9 <\/strong><\/td>\n<td style=\"width: 25%; height: 24px; text-align: center;\"><strong>Cookie<\/strong><\/td>\n<td style=\"width: 25%; height: 24px; text-align: center;\"><strong>Objectif<\/strong><\/td>\n<td style=\"width: 25%; height: 24px; text-align: center;\"><strong>Terme<\/strong><\/td>\n<\/tr>\n<tr style=\"height: 24px;\">\n<td style=\"width: 25%; height: 24px;\">google.com<\/td>\n<td style=\"width: 25%; height: 24px;\">1P_JAR<\/td>\n<td style=\"width: 25%; height: 24px;\">Ces cookies sont d\u00e9finis via des vid\u00e9os youtube<br \/>\n    embarqu\u00e9. Ils enregistrent des donn\u00e9es statistiques anonymes sur,<br \/>\n    par exemple, combien de fois la vid\u00e9o est lue et le<br \/>\n    param\u00e8tres utilis\u00e9s pour la lecture.<\/td>\n<td style=\"width: 25%; height: 24px;\">dans un mois<\/td>\n<\/tr>\n<tr style=\"height: 24px;\">\n<td style=\"width: 25%; height: 24px;\">google.com<\/td>\n<td style=\"width: 25%; height: 24px;\">ANID<\/td>\n<td style=\"width: 25%; height: 24px;\">Google utilise ces cookies pour faire plus de publicit\u00e9<br \/>\n    attractif pour les utilisateurs et plus pr\u00e9cieux pour les \u00e9diteurs et<br \/>\n    annonceurs<\/td>\n<td style=\"width: 25%; height: 24px;\">dans un an<\/td>\n<\/tr>\n<tr style=\"height: 24px;\">\n<td style=\"width: 25%; height: 24px;\">google.com<\/td>\n<td style=\"width: 25%; height: 24px;\">APISID<\/td>\n<td style=\"width: 25%; height: 24px;\">T\u00e9l\u00e9chargez certains outils Google et enregistrez certains<br \/>\n    pr\u00e9f\u00e9rences, par exemple, le nombre de r\u00e9sultats du<br \/>\n    recherche par feuille ou l&rsquo;activation du filtre SafeSearch. r\u00e9gler<br \/>\n    les annonces qui apparaissent dans la recherche Google.<\/td>\n<td style=\"width: 25%; height: 24px;\">dans 2ans<\/td>\n<\/tr>\n<tr style=\"height: 24px;\">\n<td style=\"width: 25%; height: 24px;\">google.com<\/td>\n<td style=\"width: 25%; height: 24px;\">HSID<\/td>\n<td style=\"width: 25%; height: 24px;\">T\u00e9l\u00e9chargez certains outils Google et enregistrez certains<br \/>\n    pr\u00e9f\u00e9rences, par exemple, le nombre de r\u00e9sultats du<br \/>\n    recherche par feuille ou l&rsquo;activation du filtre SafeSearch. r\u00e9gler<br \/>\n    les annonces qui apparaissent dans la recherche Google.<\/td>\n<td style=\"width: 25%; height: 24px;\">dans 2ans<\/td>\n<\/tr>\n<tr style=\"height: 24px;\">\n<td style=\"width: 25%; height: 24px;\">google.com<\/td>\n<td style=\"width: 25%; height: 24px;\">NID<\/td>\n<td style=\"width: 25%; height: 24px;\">Ces cookies sont utilis\u00e9s pour collecter des statistiques du site<br \/>\n    site Web et suivre les taux de conversion et la personnalisation de<br \/>\n    annonces google<\/td>\n<td style=\"width: 25%; height: 24px;\">dans 7mois<\/td>\n<\/tr>\n<tr style=\"height: 24px;\">\n<td style=\"width: 25%; height: 24px;\">google.com<\/td>\n<td style=\"width: 25%; height: 24px;\">OTZ<\/td>\n<td style=\"width: 25%; height: 24px;\">Analyse agr\u00e9g\u00e9e des visiteurs du site<\/td>\n<td style=\"width: 25%; height: 24px;\">dans un mois<\/td>\n<\/tr>\n<tr style=\"height: 24px;\">\n<td style=\"width: 25%; height: 24px;\">google.com<\/td>\n<td style=\"width: 25%; height: 24px;\">SAPISID<\/td>\n<td style=\"width: 25%; height: 24px;\">T\u00e9l\u00e9chargez certains outils Google et enregistrez certains<br \/>\n    pr\u00e9f\u00e9rences, par exemple, le nombre de r\u00e9sultats du<br \/>\n    recherche par feuille ou l&rsquo;activation du filtre SafeSearch. r\u00e9gler<br \/>\n    les annonces qui apparaissent dans la recherche Google.<\/td>\n<td style=\"width: 25%; height: 24px;\">dans 2ans<\/td>\n<\/tr>\n<tr style=\"height: 24px;\">\n<td style=\"width: 25%; height: 24px;\">google.com<\/td>\n<td style=\"width: 25%; height: 24px;\">SID<\/td>\n<td style=\"width: 25%; height: 24px;\">T\u00e9l\u00e9chargez certains outils Google et enregistrez certains<br \/>\n    pr\u00e9f\u00e9rences, par exemple, le nombre de r\u00e9sultats du<br \/>\n    recherche par feuille ou l&rsquo;activation du filtre SafeSearch. r\u00e9gler<br \/>\n    les annonces qui apparaissent dans la recherche Google.<\/td>\n<td style=\"width: 25%; height: 24px;\">dans 2ans<\/td>\n<\/tr>\n<tr style=\"height: 24px;\">\n<td style=\"width: 25%; height: 24px;\">google.com<\/td>\n<td style=\"width: 25%; height: 24px;\">SIDCC<\/td>\n<td style=\"width: 25%; height: 24px;\">T\u00e9l\u00e9chargez certains outils Google et enregistrez certains<br \/>\n    pr\u00e9f\u00e9rences, par exemple, le nombre de r\u00e9sultats du<br \/>\n    recherche par feuille ou l&rsquo;activation du filtre SafeSearch. r\u00e9gler<br \/>\n    les annonces qui apparaissent dans la recherche Google.<\/td>\n<td style=\"width: 25%; height: 24px;\">dans un an<\/td>\n<\/tr>\n<\/tbody>\n<\/table>\n<table style=\"border-collapse: collapse; width: 100%;\" bordure=\"1\">\n<tbody>\n<tr>\n<td style=\"width: 25%;\">google.com<\/td>\n<td style=\"width: 25%;\">SSID<\/td>\n<td style=\"width: 25%;\">T\u00e9l\u00e9chargez certains outils Google et enregistrez certains<br \/>\n    pr\u00e9f\u00e9rences, par exemple, le nombre de r\u00e9sultats de<br \/>\n    recherche par page ou l&rsquo;activation du filtre SafeSearch.<br \/>\n    Ajustez les annonces qui s&rsquo;affichent dans la recherche Google.<\/td>\n<td style=\"width: 25%;\">dans 2ans<\/td>\n<\/tr>\n<\/tbody>\n<\/table>\n<p>    <strong>COOKIES TIERS<\/strong><\/p>\n<p>    Les services tiers sont hors du contr\u00f4le de l&rsquo;\u00e9diteur. Les Prestataires peuvent modifier \u00e0 tout moment leurs conditions de service, la finalit\u00e9 et l&rsquo;utilisation des cookies, etc.<\/p>\n<p>    <strong>Fournisseurs externes de ce site:<\/strong><\/p>\n<table style=\"border-collapse: collapse; width: 100%;\" bordure=\"1\">\n<tbody>\n<tr style=\"height: 24px;\">\n<td style=\"width: 50%; text-align: center; height: 24px;\"><strong>\u00c9diteur<\/strong><\/td>\n<td style=\"width: 50%; text-align: center; height: 24px;\"><strong>Politique de confidentialit\u00e9<\/strong><\/td>\n<\/tr>\n<tr style=\"height: 24px;\">\n<td style=\"width: 50%; height: 24px;\">GoogleAnalytics<\/td>\n<td style=\"width: 50%; height: 24px;\"><a href=\"https:\/\/safety.google\/privacy\/privacy-controls\/\" target=\"_blank\" rel=\"noopener\">https:\/ \/privacy.google.com\/take-control.html<\/a><\/td>\n<\/tr>\n<tr style=\"height: 24px;\">\n<td style=\"width: 50%; height: 24px;\">Google<\/td>\n<td style=\"width: 50%; height: 24px;\"><a href=\"https:\/\/safety.google\/privacy\/privacy-controls\/\" target=\"_blank\" rel=\"noopener\">https:\/ \/privacy.google.com\/take-control.html<\/a><\/td>\n<\/tr>\n<tr style=\"height: 24px;\">\n<td style=\"width: 50%; height: 24px;\">Google<\/td>\n<td style=\"width: 50%; height: 24px;\"><a href=\"https:\/\/safety.google\/privacy\/privacy-controls\/\" target=\"_blank\" rel=\"noopener\">https:\/ \/safety.google\/privacy\/privacy-controls\/<\/a><\/td>\n<\/tr>\n<\/tbody>\n<\/table>\n<p>    <strong>PANNEAU DE CONFIGURATION DES COOKIES:<\/strong><\/p>\n<p>    \u00c0 partir de ce panneau, vous pouvez configurer les cookies que le site Web peut installer dans votre navigateur, \u00e0 l&rsquo;exception des cookies techniques ou fonctionnels n\u00e9cessaires \u00e0 la navigation et \u00e0 l&rsquo;utilisation des diff\u00e9rentes options ou services propos\u00e9s.<br \/>\n    offrir.<\/p>\n<p>    <strong>Acc\u00e8s au tableau de bord<\/strong><\/p>\n<p>    <strong>COMMENT G\u00c9RER LES COOKIES DU NAVIGATEUR<\/strong><\/p>\n<table style=\"border-collapse: collapse; width: 100%;\" bordure=\"1\">\n<tbody>\n<tr>\n<td style=\"width: 50%;\"><strong>Supprimer les cookies de<\/strong><br \/>\n    <strong>appareil<\/strong><\/td>\n<td style=\"width: 50%;\">Les cookies qui sont d\u00e9j\u00e0 sur un appareil peuvent \u00eatre supprim\u00e9s en effa\u00e7ant l&rsquo;historique du navigateur, supprimant ainsi les cookies de tous les sites Web visit\u00e9s.<br \/>\n    Cependant, certaines informations enregistr\u00e9es (par exemple, les informations de connexion ou les pr\u00e9f\u00e9rences du site Web) peuvent \u00e9galement \u00eatre perdues.<\/td>\n<\/tr>\n<tr>\n<td style=\"width: 50%;\"><strong>G\u00e9rer des cookies sp\u00e9cifiques<\/strong><br \/>\n    <strong>site<\/strong><\/td>\n<td style=\"width: 50%;\">Pour un contr\u00f4le plus pr\u00e9cis des cookies sp\u00e9cifiques au site, les utilisateurs peuvent ajuster leurs param\u00e8tres de confidentialit\u00e9 et de cookies dans le navigateur.<\/td>\n<\/tr>\n<tr>\n<td style=\"width: 50%;\"><strong>Bloquer les cookies<\/strong><\/td>\n<td style=\"width: 50%;\">Bien que la plupart des navigateurs modernes puissent \u00eatre configur\u00e9s pour emp\u00eacher l&rsquo;installation de cookies sur les appareils, cela peut n\u00e9cessiter un ajustement manuel de certaines pr\u00e9f\u00e9rences \u00e0 chaque visite d&rsquo;un site ou d&rsquo;une page . De plus, certains services et fonctionnalit\u00e9s peuvent ne pas fonctionner correctement (par exemple, les connexions de profil).<\/td>\n<\/tr>\n<\/tbody>\n<\/table>\n<p>    <strong>COMMENT \u00c9LIMINER LES COOKIES DU NAVIGATEUR LE PLUS COURANT<\/strong><\/p>\n<table style=\"border-collapse: collapse; width: 100%;\" bordure=\"1\">\n<tbody>\n<tr style=\"height: 24px;\">\n<td style=\"width: 50%; height: 24px;\"><strong>Chrome<\/strong><\/td>\n<td style=\"width: 50%; height: 24px;\"><a href=\"https:\/\/support.google.com\/chrome\/answer\/95647?hl=es\" target=\"_blank\" rel=\"noopener\">https:\/\/support.google.com\/chrome\/<\/a><\/td>\n<\/tr>\n<tr style=\"height: 24px;\">\n<td style=\"width: 50%; height: 24px;\"><strong>InternetExplorer. Version11 <\/strong><\/td>\n<td style=\"width: 50%; height: 24px;\"><a href=\"https:\/\/support.microsoft.com\/es-es\/help\/278835\/how-to-delete-cookie-files-in -internet-explorer\" target=\"_blank\" rel=\"noopener\">https:\/\/support.microsoft.com\/<\/a><\/td>\n<\/tr>\n<tr style=\"height: 24px;\">\n<td style=\"width: 50%; height: 24px;\"><strong>Firefox. Version65.0.1 <\/strong><\/td>\n<td style=\"width: 50%; height: 24px;\"><a href=\"https:\/\/www.mozilla.org\/es-ES\/privacy\/websites\/#cookies\" target=\"_blank\" rel=\"noopener\">https:\/\/mozilla.org\/<\/a><\/td>\n<\/tr>\n<tr style=\"height: 24px;\">\n<td style=\"width: 50%; height: 24px;\"><strong>Safari5.1 <\/strong><\/td>\n<td style=\"width: 50%; height: 24px;\"><a href=\"https:\/\/support.apple.com\/en-us\/guide\/safari\/sfri11471\/mac\" target=\"_blank\" rel=\"noopener\">https:\/\/support.apple.com\/<\/a><\/td>\n<\/tr>\n<tr style=\"height: 24px;\">\n<td style=\"width: 50%; height: 24px;\"><strong>Op\u00e9ra <\/strong><\/td>\n<td style=\"width: 50%; height: 24px;\"><a href=\"https:\/\/help.opera.com\/en\/latest\/security-and-privacy\/#clearBrowsingData\" target=\"_blank\" rel=\"noopener\">https:\/\/help.opera.com\/<\/a><\/td>\n<\/tr>\n<\/tbody>\n<\/table>\n<p>[\/vc_column_text][\/vc_column][\/vc_row]<\/p>\n","protected":false},"excerpt":{"rendered":"<p>[vc_row][vc_column][vc_column_text]INFORMATIONS SUR LES COOKIES En raison de l&rsquo;entr\u00e9e en vigueur de la modification de r\u00e9f\u00e9rence de la \u00ab\u00a0Loi sur les services de la soci\u00e9t\u00e9 de l&rsquo;information\u00a0\u00bb (LSSICE) \u00e9tablie par le d\u00e9cret royal 13\/2012, il est obligatoire d&rsquo;obtenir le consentement expr\u00e8s de l&rsquo;utilisateur de toutes les pages Web qui Ils utilisent des cookies dispensables, avant de [&hellip;]<\/p>\n","protected":false},"author":1,"featured_media":0,"parent":0,"menu_order":0,"comment_status":"closed","ping_status":"closed","template":"","meta":{"footnotes":""},"class_list":["post-1433","page","type-page","status-publish","hentry"],"_links":{"self":[{"href":"https:\/\/www.hotelcalina.com\/fr\/wp-json\/wp\/v2\/pages\/1433","targetHints":{"allow":["GET"]}}],"collection":[{"href":"https:\/\/www.hotelcalina.com\/fr\/wp-json\/wp\/v2\/pages"}],"about":[{"href":"https:\/\/www.hotelcalina.com\/fr\/wp-json\/wp\/v2\/types\/page"}],"author":[{"embeddable":true,"href":"https:\/\/www.hotelcalina.com\/fr\/wp-json\/wp\/v2\/users\/1"}],"replies":[{"embeddable":true,"href":"https:\/\/www.hotelcalina.com\/fr\/wp-json\/wp\/v2\/comments?post=1433"}],"version-history":[{"count":2,"href":"https:\/\/www.hotelcalina.com\/fr\/wp-json\/wp\/v2\/pages\/1433\/revisions"}],"predecessor-version":[{"id":1585,"href":"https:\/\/www.hotelcalina.com\/fr\/wp-json\/wp\/v2\/pages\/1433\/revisions\/1585"}],"wp:attachment":[{"href":"https:\/\/www.hotelcalina.com\/fr\/wp-json\/wp\/v2\/media?parent=1433"}],"curies":[{"name":"wp","href":"https:\/\/api.w.org\/{rel}","templated":true}]}}