{"id":1179,"date":"2016-11-24T18:09:31","date_gmt":"2016-11-24T18:09:31","guid":{"rendered":"http:\/\/iptresd.com\/hotelcalina\/actividades\/"},"modified":"2021-01-27T11:21:36","modified_gmt":"2021-01-27T11:21:36","slug":"activites","status":"publish","type":"page","link":"https:\/\/www.hotelcalina.com\/fr\/activites\/","title":{"rendered":"Activit\u00e9s"},"content":{"rendered":"<p>[vc_row row_padding_top=\u00a0\u00bbpadding_top_1-4&Prime;][vc_column width=\u00a0\u00bb1\/2&Prime;]<div class=\"heading_group_sc wpb_content_element subtitle_top    text-left\">\r\n\r\n        <span class=\"subtitle\">dans la mer<\/span>\r\n\r\n    <h3>Attractions touristiques<\/h3>\n\r\n\r\n\r\n<\/div>[vc_column_text]<\/p>\n<div class=\"row\">\n<div class=\"twelve columns \">\n<div class=\"gdl-page-content\">\n<p>Parmi les multiples activit\u00e9s possibles figurent notamment les promenades en mer \u00e0 bord d\u2019embarcations typiques de la r\u00e9gion jusqu\u2019au Cap de Creus, les randonn\u00e9es, les promenades en kayak ou la visite de l\u2019\u00eele de Port-Lligat o\u00f9 vous d\u00e9couvrirez d\u2019incroyables criques.<\/p>\n<\/div>\n<\/div>\n<div class=\"clear\"><\/div>\n<\/div>\n<div class=\"row\">\n<div class=\"twelve columns \">\n<div class=\"column-service-wrapper style-1\"><\/div>\n<\/div>\n<\/div>\n<p>[\/vc_column_text][vc_row_inner][vc_column_inner width=\u00a0\u00bb1\/2&Prime;]<!-- ========================== TEASER BOX ==========================-->\r\n\r\n<div class=\"teaser_box wpb_content_element  vertical text-left      with_image \">\r\n\r\n  <div class=\"figure with_image transparent \">\r\n\r\n\r\n\r\n        \r\n        \r\n        \r\n         <img decoding=\"async\" src=\"https:\/\/www.hotelcalina.com\/wp-content\/uploads\/2018\/01\/kayak.png\" alt=\"KAYAK\">   \r\n\r\n        \r\n\r\n\r\n  <\/div>\r\n\r\n\r\n  <div class=\"content \">\r\n    \r\n    <div class=\"hgroup textify_links\"><h4>KAYAK<\/h4><\/div>\r\n\r\n     <div class=\"desc\"><p>Randonn\u00e9es kayak<\/p><\/div> \r\n\r\n  <\/div>\r\n\r\n<\/div>\r\n\r\n<!-- END======================= TEASER BOX ==========================-->[\/vc_column_inner][vc_column_inner width=\u00a0\u00bb1\/2&Prime;]<!-- ========================== TEASER BOX ==========================-->\r\n\r\n<div class=\"teaser_box wpb_content_element  vertical text-left      with_image \">\r\n\r\n  <div class=\"figure with_image transparent \">\r\n\r\n\r\n\r\n        \r\n        \r\n        \r\n         <img decoding=\"async\" src=\"https:\/\/www.hotelcalina.com\/wp-content\/uploads\/2018\/01\/boat.png\" alt=\"BATEAU\">   \r\n\r\n        \r\n\r\n\r\n  <\/div>\r\n\r\n\r\n  <div class=\"content \">\r\n    \r\n    <div class=\"hgroup textify_links\"><h4>BATEAU<\/h4><\/div>\r\n\r\n     <div class=\"desc\"><p>Excursions en bateau<\/p><\/div> \r\n\r\n  <\/div>\r\n\r\n<\/div>\r\n\r\n<!-- END======================= TEASER BOX ==========================-->[\/vc_column_inner][\/vc_row_inner][vc_row_inner][vc_column_inner width=\u00a0\u00bb1\/2&Prime;]<!-- ========================== TEASER BOX ==========================-->\r\n\r\n<div class=\"teaser_box wpb_content_element  vertical text-left      with_image \">\r\n\r\n  <div class=\"figure with_image transparent \">\r\n\r\n\r\n\r\n        \r\n        \r\n        \r\n         <img decoding=\"async\" src=\"https:\/\/www.hotelcalina.com\/wp-content\/uploads\/2018\/01\/hiker.png\" alt=\"TREKKING\">   \r\n\r\n        \r\n\r\n\r\n  <\/div>\r\n\r\n\r\n  <div class=\"content \">\r\n    \r\n    <div class=\"hgroup textify_links\"><h4>TREKKING<\/h4><\/div>\r\n\r\n     <div class=\"desc\"><p>Randonn\u00e9es du Cap de Creus<\/p><\/div> \r\n\r\n  <\/div>\r\n\r\n<\/div>\r\n\r\n<!-- END======================= TEASER BOX ==========================-->[\/vc_column_inner][vc_column_inner width=\u00a0\u00bb1\/2&Prime;]<!-- ========================== TEASER BOX ==========================-->\r\n\r\n<div class=\"teaser_box wpb_content_element  vertical text-left      with_image \">\r\n\r\n  <div class=\"figure with_image  \">\r\n\r\n\r\n\r\n        \r\n        \r\n        \r\n         <img decoding=\"async\" src=\"https:\/\/www.hotelcalina.com\/wp-content\/uploads\/2018\/01\/sun-umbrella.png\" alt=\"PLAGES\">   \r\n\r\n        \r\n\r\n\r\n  <\/div>\r\n\r\n\r\n  <div class=\"content \">\r\n    \r\n    <div class=\"hgroup textify_links\"><h4>PLAGES<\/h4><\/div>\r\n\r\n     <div class=\"desc\"><p>Visitez l&rsquo;\u00eele de Port-Lligat<br \/>\n<\/p><\/div> \r\n\r\n  <\/div>\r\n\r\n<\/div>\r\n\r\n<!-- END======================= TEASER BOX ==========================-->[\/vc_column_inner][\/vc_row_inner][\/vc_column][vc_column width=\u00a0\u00bb1\/2&Prime;][vc_single_image image=\u00a0\u00bb928&Prime; img_size=\u00a0\u00bbfull\u00a0\u00bb alignment=\u00a0\u00bbcenter\u00a0\u00bb][\/vc_column][\/vc_row][vc_row row_padding_top=\u00a0\u00bbpadding_top_none\u00a0\u00bb][vc_column width=\u00a0\u00bb1\/2&Prime;][vc_single_image image=\u00a0\u00bb1474&Prime; img_size=\u00a0\u00bbfull\u00a0\u00bb alignment=\u00a0\u00bbcenter\u00a0\u00bb][vc_single_image image=\u00a0\u00bb1477&Prime; img_size=\u00a0\u00bbfull\u00a0\u00bb alignment=\u00a0\u00bbcenter\u00a0\u00bb][\/vc_column][vc_column width=\u00a0\u00bb1\/2&Prime;]<div class=\"heading_group_sc wpb_content_element subtitle_top    text-left\">\r\n\r\n        <span class=\"subtitle\">D\u00e9couvrez les <\/span>\r\n\r\n    <h3>Attractions culturelles<\/h3>\n\r\n\r\n\r\n<\/div>[vc_column_text]Le\u00a0<strong>Cap de Creus<\/strong>\u00a0constitue l&rsquo;extr\u00e9mit\u00e9 orientale de la P\u00e9ninsule Ib\u00e9rique, dans la comarque du Haut-Ampurdan, province de G\u00e9rone.<\/p>\n<p>Convertie en\u00a0<strong>mus\u00e9e<\/strong>, la\u00a0<strong>maison d&rsquo;\u00e9t\u00e9 de Salvador Dali\u00a0<\/strong>constitue \u00e9galement une \u00e9tape int\u00e9ressante ; c&rsquo;est d&rsquo;ailleurs l&rsquo;un des sites les plus visit\u00e9s de Cadaqu\u00e9s.<\/p>\n<p>Explorez aussi l&rsquo;\u00e9glise de Santa Maria ; construite au XVIIe si\u00e8cle au point le plus \u00e9lev\u00e9 du vieux centre, il s&rsquo;agit de l&rsquo;\u00e9glise paroissiale de Cadaqu\u00e9s.<\/p>\n<p>Autre centre d&rsquo;int\u00e9r\u00eat majeur, le festival international de musique de Cadaqu\u00e9s est l&rsquo;un des \u00e9v\u00e9nements les plus importants et les plus repr\u00e9sentatifs de la r\u00e9gion.<\/p>\n<p>Enfin, \u00e0 37 km de Cadaqu\u00e9s, le mus\u00e9e Salvador Dali de la ville de Figueras vous fera d\u00e9couvrir une exposition colossale des meilleures oeuvres r\u00e9alis\u00e9es par le peintre tout au long de sa carri\u00e8re.[\/vc_column_text][vc_row_inner][vc_column_inner width=\u00a0\u00bb1\/3&Prime;]<!-- ========================== TEASER BOX ==========================-->\r\n\r\n<div class=\"teaser_box wpb_content_element  vertical text-center      with_image \">\r\n\r\n  <div class=\"figure with_image  \">\r\n\r\n\r\n\r\n        \r\n        \r\n        \r\n         <img decoding=\"async\" src=\"https:\/\/www.hotelcalina.com\/wp-content\/uploads\/2018\/01\/museum.png\" alt=\"MUS\u00c9E\">   \r\n\r\n        \r\n\r\n\r\n  <\/div>\r\n\r\n\r\n  <div class=\"content \">\r\n    \r\n    <div class=\"hgroup textify_links\"><h4>MUS\u00c9E<\/h4><\/div>\r\n\r\n     <div class=\"desc\"><p>Mus\u00e9e Dal\u00ed<br \/>\n<\/p><\/div> \r\n\r\n  <\/div>\r\n\r\n<\/div>\r\n\r\n<!-- END======================= TEASER BOX ==========================-->[\/vc_column_inner][vc_column_inner width=\u00a0\u00bb1\/3&Prime;]<!-- ========================== TEASER BOX ==========================-->\r\n\r\n<div class=\"teaser_box wpb_content_element  vertical text-center      with_image \">\r\n\r\n  <div class=\"figure with_image  \">\r\n\r\n\r\n\r\n        \r\n        \r\n        \r\n         <img decoding=\"async\" src=\"https:\/\/www.hotelcalina.com\/wp-content\/uploads\/2018\/01\/church.png\" alt=\"EGLISES\">   \r\n\r\n        \r\n\r\n\r\n  <\/div>\r\n\r\n\r\n  <div class=\"content \">\r\n    \r\n    <div class=\"hgroup textify_links\"><h4>EGLISES<\/h4><\/div>\r\n\r\n     <div class=\"desc\"><p>Santa Mar\u00eda<\/p><\/div> \r\n\r\n  <\/div>\r\n\r\n<\/div>\r\n\r\n<!-- END======================= TEASER BOX ==========================-->[\/vc_column_inner][vc_column_inner width=\u00a0\u00bb1\/3&Prime;]<!-- ========================== TEASER BOX ==========================-->\r\n\r\n<div class=\"teaser_box wpb_content_element  vertical text-center      with_image \">\r\n\r\n  <div class=\"figure with_image  \">\r\n\r\n\r\n\r\n        \r\n        \r\n        \r\n         <img decoding=\"async\" src=\"https:\/\/www.hotelcalina.com\/wp-content\/uploads\/2018\/01\/music-player.png\" alt=\"MUSIQUE\">   \r\n\r\n        \r\n\r\n\r\n  <\/div>\r\n\r\n\r\n  <div class=\"content \">\r\n    \r\n    <div class=\"hgroup textify_links\"><h4>MUSIQUE<\/h4><\/div>\r\n\r\n     <div class=\"desc\"><p>Festivals de musique<\/p><\/div> \r\n\r\n  <\/div>\r\n\r\n<\/div>\r\n\r\n<!-- END======================= TEASER BOX ==========================-->[\/vc_column_inner][\/vc_row_inner][\/vc_column][\/vc_row]<\/p>\n","protected":false},"excerpt":{"rendered":"<p>[vc_row row_padding_top=\u00a0\u00bbpadding_top_1-4&Prime;][vc_column width=\u00a0\u00bb1\/2&Prime;][vc_column_text] Parmi les multiples activit\u00e9s possibles figurent notamment les promenades en mer \u00e0 bord d\u2019embarcations typiques de la r\u00e9gion jusqu\u2019au Cap de Creus, les randonn\u00e9es, les promenades en kayak ou la visite de l\u2019\u00eele de Port-Lligat o\u00f9 vous d\u00e9couvrirez d\u2019incroyables criques. [\/vc_column_text][vc_row_inner][vc_column_inner width=\u00a0\u00bb1\/2&Prime;][\/vc_column_inner][vc_column_inner width=\u00a0\u00bb1\/2&Prime;][\/vc_column_inner][\/vc_row_inner][vc_row_inner][vc_column_inner width=\u00a0\u00bb1\/2&Prime;][\/vc_column_inner][vc_column_inner width=\u00a0\u00bb1\/2&Prime;][\/vc_column_inner][\/vc_row_inner][\/vc_column][vc_column width=\u00a0\u00bb1\/2&Prime;][vc_single_image image=\u00a0\u00bb928&Prime; img_size=\u00a0\u00bbfull\u00a0\u00bb alignment=\u00a0\u00bbcenter\u00a0\u00bb][\/vc_column][\/vc_row][vc_row row_padding_top=\u00a0\u00bbpadding_top_none\u00a0\u00bb][vc_column width=\u00a0\u00bb1\/2&Prime;][vc_single_image image=\u00a0\u00bb1474&Prime; [&hellip;]<\/p>\n","protected":false},"author":1,"featured_media":915,"parent":0,"menu_order":0,"comment_status":"closed","ping_status":"closed","template":"","meta":{"footnotes":""},"class_list":["post-1179","page","type-page","status-publish","has-post-thumbnail","hentry"],"_links":{"self":[{"href":"https:\/\/www.hotelcalina.com\/fr\/wp-json\/wp\/v2\/pages\/1179","targetHints":{"allow":["GET"]}}],"collection":[{"href":"https:\/\/www.hotelcalina.com\/fr\/wp-json\/wp\/v2\/pages"}],"about":[{"href":"https:\/\/www.hotelcalina.com\/fr\/wp-json\/wp\/v2\/types\/page"}],"author":[{"embeddable":true,"href":"https:\/\/www.hotelcalina.com\/fr\/wp-json\/wp\/v2\/users\/1"}],"replies":[{"embeddable":true,"href":"https:\/\/www.hotelcalina.com\/fr\/wp-json\/wp\/v2\/comments?post=1179"}],"version-history":[{"count":8,"href":"https:\/\/www.hotelcalina.com\/fr\/wp-json\/wp\/v2\/pages\/1179\/revisions"}],"predecessor-version":[{"id":1478,"href":"https:\/\/www.hotelcalina.com\/fr\/wp-json\/wp\/v2\/pages\/1179\/revisions\/1478"}],"wp:featuredmedia":[{"embeddable":true,"href":"https:\/\/www.hotelcalina.com\/fr\/wp-json\/wp\/v2\/media\/915"}],"wp:attachment":[{"href":"https:\/\/www.hotelcalina.com\/fr\/wp-json\/wp\/v2\/media?parent=1179"}],"curies":[{"name":"wp","href":"https:\/\/api.w.org\/{rel}","templated":true}]}}