{"id":1138,"date":"2016-11-24T18:08:55","date_gmt":"2016-11-24T18:08:55","guid":{"rendered":"http:\/\/iptresd.com\/hotelcalina\/habitaciones\/"},"modified":"2018-06-18T09:51:56","modified_gmt":"2018-06-18T09:51:56","slug":"chambres","status":"publish","type":"page","link":"https:\/\/www.hotelcalina.com\/fr\/chambres\/","title":{"rendered":"Chambres"},"content":{"rendered":"<p>[vc_row][vc_column]<div class=\"ple_anypostloop_shortcode wpb_content_element  \"><div id=\"list_58469f451ced4\" class=\"rooms_list_classic_horizontal_wrapper \"> \t\r\n        <div class=\"rooms_list_item   habitaciones-fr facultatif   white_section\" >\r\n        <div class=\"flex\">\r\n                <div class=\"col-sm-6 col-sm-push-6 rooms_list_item_photo\" style=\"background-image: url('https:\/\/www.hotelcalina.com\/wp-content\/uploads\/2016\/11\/Junior_Suite_Calina4.jpg')\"><\/div>\r\n                <div class=\"col-sm-6 col-sm-pull-6\">\r\n                <div class=\"rooms_list_item_content\">\r\n                        <h3 class=\"textify_links\"><a href=\"https:\/\/www.hotelcalina.com\/fr\/room\/junior-suite\/\" title=\"Suite Junior vue mer\" target=\"_parent\" class=\"\">Suite Junior vue mer<\/a><\/h3>\r\n                        \r\n                        <div class=\"room_listed_amenities\">\r\n                                <img decoding=\"async\" src=\"https:\/\/www.hotelcalina.com\/wp-content\/uploads\/2025\/11\/tv_icon.png\" data-toggle=\"tooltip\" data-placement=\"top\" class=\"amenities\" data-original-title=\"TV \u00e9cran plat par satellite\"\/> \r\n                                <i data-toggle=\"tooltip\" data-placement=\"top\" class=\"amenities\" data-original-title=\"TV \u00e9cran plat par satellite\"><\/i>                             \r\n                        <\/div>                       \r\n                        <p class=\"excerpt\">Junior Suite situ\u00e9e \u00e0 l\u2019\u00e9tage sup\u00e9rieur, avec balcon priv\u00e9 \u00e9quip\u00e9 de chaises longues et agr\u00e9ables vues sur la piscine et la mer.<\/p>                        \r\n                        <a href=\"https:\/\/www.hotelcalina.com\/fr\/room\/junior-suite\/\" title=\"Suite Junior vue mer\" target=\"_parent\" class=\"btn btn-link \">Read More<\/a>\r\n                <\/div>\r\n                <\/div>\r\n        <\/div>        \r\n        <\/div>\r\n        <div class=\"rooms_list_item   habitaciones-fr facultatif   white_section\" >\r\n        <div class=\"flex\">\r\n                <div class=\"col-sm-6 col-sm-push-6 rooms_list_item_photo\" style=\"background-image: url('https:\/\/www.hotelcalina.com\/wp-content\/uploads\/2016\/11\/Habitacion_Vista_mar3.jpg')\"><\/div>\r\n                <div class=\"col-sm-6 col-sm-pull-6\">\r\n                <div class=\"rooms_list_item_content\">\r\n                        <h3 class=\"textify_links\"><a href=\"https:\/\/www.hotelcalina.com\/fr\/room\/chambre-avec-vue-sur-la-mer\/\" title=\"Chambre avec vue sur la mer\" target=\"_parent\" class=\"\">Chambre avec vue sur la mer<\/a><\/h3>\r\n                        \r\n                        <div class=\"room_listed_amenities\">\r\n                                <img decoding=\"async\" src=\"https:\/\/www.hotelcalina.com\/wp-content\/uploads\/2025\/11\/tv_icon.png\" data-toggle=\"tooltip\" data-placement=\"top\" class=\"amenities\" data-original-title=\"TV \u00e9cran plat par satellite\"\/> \r\n                                <i data-toggle=\"tooltip\" data-placement=\"top\" class=\"amenities\" data-original-title=\"TV \u00e9cran plat par satellite\"><\/i>                             \r\n                                <img decoding=\"async\" src=\"https:\/\/www.hotelcalina.com\/wp-content\/uploads\/2025\/11\/minibar_icon.png\" data-toggle=\"tooltip\" data-placement=\"top\" class=\"amenities\" data-original-title=\"Mini Bar\"\/> \r\n                                <i data-toggle=\"tooltip\" data-placement=\"top\" class=\"amenities\" data-original-title=\"Mini Bar\"><\/i>                             \r\n                                <img decoding=\"async\" src=\"https:\/\/www.hotelcalina.com\/wp-content\/uploads\/2025\/11\/amenities_icon.png\" data-toggle=\"tooltip\" data-placement=\"top\" class=\"amenities\" data-original-title=\"Produits de bain\"\/> \r\n                                <i data-toggle=\"tooltip\" data-placement=\"top\" class=\"amenities\" data-original-title=\"Produits de bain\"><\/i>                             \r\n                        <\/div>                       \r\n                        <p class=\"excerpt\">Chambre double avec balcon et vue sur la mer M\u00e9diterran\u00e9e, situ\u00e9e \u00e0 l\u2019\u00e9tage sup\u00e9rieur de l\u2019h\u00f4tel. Id\u00e9ale pour profiter d\u2019une escapade tranquille en couple.<\/p>                        \r\n                        <a href=\"https:\/\/www.hotelcalina.com\/fr\/room\/chambre-avec-vue-sur-la-mer\/\" title=\"Chambre avec vue sur la mer\" target=\"_parent\" class=\"btn btn-link \">Read More<\/a>\r\n                <\/div>\r\n                <\/div>\r\n        <\/div>        \r\n        <\/div>\r\n        <div class=\"rooms_list_item   habitaciones-fr facultatif   white_section\" >\r\n        <div class=\"flex\">\r\n                <div class=\"col-sm-6 col-sm-push-6 rooms_list_item_photo\" style=\"background-image: url('https:\/\/www.hotelcalina.com\/wp-content\/uploads\/2016\/11\/Habitacion_Vista_piscina1.jpg')\"><\/div>\r\n                <div class=\"col-sm-6 col-sm-pull-6\">\r\n                <div class=\"rooms_list_item_content\">\r\n                        <h3 class=\"textify_links\"><a href=\"https:\/\/www.hotelcalina.com\/fr\/room\/chambre-avec-vue-sur-la-piscine\/\" title=\"Chambre avec vue sur la piscine\" target=\"_parent\" class=\"\">Chambre avec vue sur la piscine<\/a><\/h3>\r\n                        \r\n                        <div class=\"room_listed_amenities\">\r\n                                <img decoding=\"async\" src=\"https:\/\/www.hotelcalina.com\/wp-content\/uploads\/2025\/11\/tv_icon.png\" data-toggle=\"tooltip\" data-placement=\"top\" class=\"amenities\" data-original-title=\"TV \u00e9cran plat par satellite\"\/> \r\n                                <i data-toggle=\"tooltip\" data-placement=\"top\" class=\"amenities\" data-original-title=\"TV \u00e9cran plat par satellite\"><\/i>                             \r\n                                <img decoding=\"async\" src=\"https:\/\/www.hotelcalina.com\/wp-content\/uploads\/2025\/11\/minibar_icon.png\" data-toggle=\"tooltip\" data-placement=\"top\" class=\"amenities\" data-original-title=\"Mini Bar\"\/> \r\n                                <i data-toggle=\"tooltip\" data-placement=\"top\" class=\"amenities\" data-original-title=\"Mini Bar\"><\/i>                             \r\n                                <img decoding=\"async\" src=\"https:\/\/www.hotelcalina.com\/wp-content\/uploads\/2025\/11\/amenities_icon.png\" data-toggle=\"tooltip\" data-placement=\"top\" class=\"amenities\" data-original-title=\"Produits de bain\"\/> \r\n                                <i data-toggle=\"tooltip\" data-placement=\"top\" class=\"amenities\" data-original-title=\"Produits de bain\"><\/i>                             \r\n                        <\/div>                       \r\n                        <p class=\"excerpt\">Chambre double avec terrasse et vue sur la piscine, situ\u00e9e au niveau de la piscine. Id\u00e9ale pour profiter d\u2019un s\u00e9jour confortable et relaxant.<\/p>                        \r\n                        <a href=\"https:\/\/www.hotelcalina.com\/fr\/room\/chambre-avec-vue-sur-la-piscine\/\" title=\"Chambre avec vue sur la piscine\" target=\"_parent\" class=\"btn btn-link \">Read More<\/a>\r\n                <\/div>\r\n                <\/div>\r\n        <\/div>        \r\n        <\/div>\r\n        <div class=\"rooms_list_item   habitaciones-fr facultatif   white_section\" >\r\n        <div class=\"flex\">\r\n                <div class=\"col-sm-6 col-sm-push-6 rooms_list_item_photo\" style=\"background-image: url('https:\/\/www.hotelcalina.com\/wp-content\/uploads\/2018\/06\/AerofilmHD_-_Hotel_Calina_-561-683x1024.jpg')\"><\/div>\r\n                <div class=\"col-sm-6 col-sm-pull-6\">\r\n                <div class=\"rooms_list_item_content\">\r\n                        <h3 class=\"textify_links\"><a href=\"https:\/\/www.hotelcalina.com\/fr\/room\/chambre-avec-vue-lateral-mer\/\" title=\"Chambre avec vue lateral mer\" target=\"_parent\" class=\"\">Chambre avec vue lateral mer<\/a><\/h3>\r\n                        \r\n                        <div class=\"room_listed_amenities\">\r\n                                <img decoding=\"async\" src=\"https:\/\/www.hotelcalina.com\/wp-content\/uploads\/2025\/11\/tv_icon.png\" data-toggle=\"tooltip\" data-placement=\"top\" class=\"amenities\" data-original-title=\"TV \u00e9cran plat par satellite\"\/> \r\n                                <i data-toggle=\"tooltip\" data-placement=\"top\" class=\"amenities\" data-original-title=\"TV \u00e9cran plat par satellite\"><\/i>                             \r\n                                <img decoding=\"async\" src=\"https:\/\/www.hotelcalina.com\/wp-content\/uploads\/2025\/11\/minibar_icon.png\" data-toggle=\"tooltip\" data-placement=\"top\" class=\"amenities\" data-original-title=\"Mini Bar\"\/> \r\n                                <i data-toggle=\"tooltip\" data-placement=\"top\" class=\"amenities\" data-original-title=\"Mini Bar\"><\/i>                             \r\n                                <img decoding=\"async\" src=\"https:\/\/www.hotelcalina.com\/wp-content\/uploads\/2025\/11\/amenities_icon.png\" data-toggle=\"tooltip\" data-placement=\"top\" class=\"amenities\" data-original-title=\"Produits de bain\"\/> \r\n                                <i data-toggle=\"tooltip\" data-placement=\"top\" class=\"amenities\" data-original-title=\"Produits de bain\"><\/i>                             \r\n                        <\/div>                       \r\n                        <p class=\"excerpt\">Chambre double avec vue sur la montagne et orientation lat\u00e9rale vers la mer, id\u00e9ale pour deux adultes ou une famille avec un enfant.<\/p>                        \r\n                        <a href=\"https:\/\/www.hotelcalina.com\/fr\/room\/chambre-avec-vue-lateral-mer\/\" title=\"Chambre avec vue lateral mer\" target=\"_parent\" class=\"btn btn-link \">Read More<\/a>\r\n                <\/div>\r\n                <\/div>\r\n        <\/div>        \r\n        <\/div>\r\n        <div class=\"rooms_list_item   habitaciones-fr facultatif   white_section\" >\r\n        <div class=\"flex\">\r\n                <div class=\"col-sm-6 col-sm-push-6 rooms_list_item_photo\" style=\"background-image: url('https:\/\/www.hotelcalina.com\/wp-content\/uploads\/2018\/06\/AerofilmHD_-_Hotel_Calina_-1151-1024x684.jpg')\"><\/div>\r\n                <div class=\"col-sm-6 col-sm-pull-6\">\r\n                <div class=\"rooms_list_item_content\">\r\n                        <h3 class=\"textify_links\"><a href=\"https:\/\/www.hotelcalina.com\/fr\/room\/chambre-vue-montagne\/\" title=\"Chambre Vue Montagne\" target=\"_parent\" class=\"\">Chambre Vue Montagne<\/a><\/h3>\r\n                        \r\n                        <div class=\"room_listed_amenities\">\r\n                                <img decoding=\"async\" src=\"https:\/\/www.hotelcalina.com\/wp-content\/uploads\/2025\/11\/tv_icon.png\" data-toggle=\"tooltip\" data-placement=\"top\" class=\"amenities\" data-original-title=\"TV \u00e9cran plat par satellite\"\/> \r\n                                <i data-toggle=\"tooltip\" data-placement=\"top\" class=\"amenities\" data-original-title=\"TV \u00e9cran plat par satellite\"><\/i>                             \r\n                                <img decoding=\"async\" src=\"https:\/\/www.hotelcalina.com\/wp-content\/uploads\/2025\/11\/minibar_icon.png\" data-toggle=\"tooltip\" data-placement=\"top\" class=\"amenities\" data-original-title=\"Mini Bar\"\/> \r\n                                <i data-toggle=\"tooltip\" data-placement=\"top\" class=\"amenities\" data-original-title=\"Mini Bar\"><\/i>                             \r\n                                <img decoding=\"async\" src=\"https:\/\/www.hotelcalina.com\/wp-content\/uploads\/2025\/11\/amenities_icon.png\" data-toggle=\"tooltip\" data-placement=\"top\" class=\"amenities\" data-original-title=\"Produits de bain\"\/> \r\n                                <i data-toggle=\"tooltip\" data-placement=\"top\" class=\"amenities\" data-original-title=\"Produits de bain\"><\/i>                             \r\n                        <\/div>                       \r\n                        <p class=\"excerpt\">Petite chambre avec balcon orient\u00e9 vers la montagne. Chambre double agr\u00e9ablement d\u00e9cor\u00e9e avec des touches m\u00e9diterran\u00e9ennes. Capacit\u00e9 : 2 personnes.<\/p>                        \r\n                        <a href=\"https:\/\/www.hotelcalina.com\/fr\/room\/chambre-vue-montagne\/\" title=\"Chambre Vue Montagne\" target=\"_parent\" class=\"btn btn-link \">Read More<\/a>\r\n                <\/div>\r\n                <\/div>\r\n        <\/div>        \r\n        <\/div>\r\n        <div class=\"rooms_list_item   familiares-fr facultatif   white_section\" >\r\n        <div class=\"flex\">\r\n                <div class=\"col-sm-6 col-sm-push-6 rooms_list_item_photo\" style=\"background-image: url('https:\/\/www.hotelcalina.com\/wp-content\/uploads\/2016\/11\/Estudio_Lateral_Mar7.jpg')\"><\/div>\r\n                <div class=\"col-sm-6 col-sm-pull-6\">\r\n                <div class=\"rooms_list_item_content\">\r\n                        <h3 class=\"textify_links\"><a href=\"https:\/\/www.hotelcalina.com\/fr\/room\/studio-vue-laterale\/\" title=\"Studio Vue Lat\u00e9rale\" target=\"_parent\" class=\"\">Studio Vue Lat\u00e9rale<\/a><\/h3>\r\n                        \r\n                        <div class=\"room_listed_amenities\">\r\n                                <img decoding=\"async\" src=\"https:\/\/www.hotelcalina.com\/wp-content\/uploads\/2025\/11\/tv_icon.png\" data-toggle=\"tooltip\" data-placement=\"top\" class=\"amenities\" data-original-title=\"TV \u00e9cran plat par satellite\"\/> \r\n                                <i data-toggle=\"tooltip\" data-placement=\"top\" class=\"amenities\" data-original-title=\"TV \u00e9cran plat par satellite\"><\/i>                             \r\n                                <img decoding=\"async\" src=\"https:\/\/www.hotelcalina.com\/wp-content\/uploads\/2025\/11\/amenities_icon.png\" data-toggle=\"tooltip\" data-placement=\"top\" class=\"amenities\" data-original-title=\"Produits de bain\"\/> \r\n                                <i data-toggle=\"tooltip\" data-placement=\"top\" class=\"amenities\" data-original-title=\"Produits de bain\"><\/i>                             \r\n                                <img decoding=\"async\" src=\"https:\/\/www.hotelcalina.com\/wp-content\/uploads\/2025\/11\/bath_icon-1.png\" data-toggle=\"tooltip\" data-placement=\"top\" class=\"amenities\" data-original-title=\"Bath\"\/> \r\n                                <i data-toggle=\"tooltip\" data-placement=\"top\" class=\"amenities\" data-original-title=\"Bath\"><\/i>                             \r\n                        <\/div>                       \r\n                        <p class=\"excerpt\">Tous les studios sont situ\u00e9s au rez-de-chauss\u00e9e et disposent d'un espace unique de 35 m\u00b2, offrant un s\u00e9jour confortable et pratique, id\u00e9al pour les familles.<\/p>                        \r\n                        <a href=\"https:\/\/www.hotelcalina.com\/fr\/room\/studio-vue-laterale\/\" title=\"Studio Vue Lat\u00e9rale\" target=\"_parent\" class=\"btn btn-link \">Read More<\/a>\r\n                <\/div>\r\n                <\/div>\r\n        <\/div>        \r\n        <\/div>\r\n        <div class=\"rooms_list_item   familiares-fr facultatif   white_section\" >\r\n        <div class=\"flex\">\r\n                <div class=\"col-sm-6 col-sm-push-6 rooms_list_item_photo\" style=\"background-image: url('https:\/\/www.hotelcalina.com\/wp-content\/uploads\/2018\/05\/SalonEst_Muntanya-1.jpg')\"><\/div>\r\n                <div class=\"col-sm-6 col-sm-pull-6\">\r\n                <div class=\"rooms_list_item_content\">\r\n                        <h3 class=\"textify_links\"><a href=\"https:\/\/www.hotelcalina.com\/fr\/room\/studio-vue-montagne\/\" title=\"Studio vue Montagne\" target=\"_parent\" class=\"\">Studio vue Montagne<\/a><\/h3>\r\n                        \r\n                        <div class=\"room_listed_amenities\">\r\n                                <img decoding=\"async\" src=\"https:\/\/www.hotelcalina.com\/wp-content\/uploads\/2025\/11\/tv_icon.png\" data-toggle=\"tooltip\" data-placement=\"top\" class=\"amenities\" data-original-title=\"TV \u00e9cran plat par satellite\"\/> \r\n                                <i data-toggle=\"tooltip\" data-placement=\"top\" class=\"amenities\" data-original-title=\"TV \u00e9cran plat par satellite\"><\/i>                             \r\n                                <img decoding=\"async\" src=\"https:\/\/www.hotelcalina.com\/wp-content\/uploads\/2025\/11\/amenities_icon.png\" data-toggle=\"tooltip\" data-placement=\"top\" class=\"amenities\" data-original-title=\"Produits de bain\"\/> \r\n                                <i data-toggle=\"tooltip\" data-placement=\"top\" class=\"amenities\" data-original-title=\"Produits de bain\"><\/i>                             \r\n                                <img decoding=\"async\" src=\"https:\/\/www.hotelcalina.com\/wp-content\/uploads\/2025\/11\/dryer_icon.png\" data-toggle=\"tooltip\" data-placement=\"top\" class=\"amenities\" data-original-title=\"S\u00e8che-cheveux\"\/> \r\n                                <i data-toggle=\"tooltip\" data-placement=\"top\" class=\"amenities\" data-original-title=\"S\u00e8che-cheveux\"><\/i>                             \r\n                        <\/div>                       \r\n                        <p class=\"excerpt\">Tous les studios sont situ\u00e9s au rez-de-chauss\u00e9e et disposent d'un espace unique de 35 m\u00b2, offrant un s\u00e9jour confortable et pratique, id\u00e9al pour les familles.<\/p>                        \r\n                        <a href=\"https:\/\/www.hotelcalina.com\/fr\/room\/studio-vue-montagne\/\" title=\"Studio vue Montagne\" target=\"_parent\" class=\"btn btn-link \">Read More<\/a>\r\n                <\/div>\r\n                <\/div>\r\n        <\/div>        \r\n        <\/div>\r\n<\/div><\/div>[\/vc_column][\/vc_row]<\/p>\n","protected":false},"excerpt":{"rendered":"<p>[vc_row][vc_column][\/vc_column][\/vc_row]<\/p>\n","protected":false},"author":1,"featured_media":1938,"parent":0,"menu_order":0,"comment_status":"closed","ping_status":"closed","template":"","meta":{"footnotes":""},"class_list":["post-1138","page","type-page","status-publish","has-post-thumbnail","hentry"],"_links":{"self":[{"href":"https:\/\/www.hotelcalina.com\/fr\/wp-json\/wp\/v2\/pages\/1138","targetHints":{"allow":["GET"]}}],"collection":[{"href":"https:\/\/www.hotelcalina.com\/fr\/wp-json\/wp\/v2\/pages"}],"about":[{"href":"https:\/\/www.hotelcalina.com\/fr\/wp-json\/wp\/v2\/types\/page"}],"author":[{"embeddable":true,"href":"https:\/\/www.hotelcalina.com\/fr\/wp-json\/wp\/v2\/users\/1"}],"replies":[{"embeddable":true,"href":"https:\/\/www.hotelcalina.com\/fr\/wp-json\/wp\/v2\/comments?post=1138"}],"version-history":[{"count":2,"href":"https:\/\/www.hotelcalina.com\/fr\/wp-json\/wp\/v2\/pages\/1138\/revisions"}],"predecessor-version":[{"id":1156,"href":"https:\/\/www.hotelcalina.com\/fr\/wp-json\/wp\/v2\/pages\/1138\/revisions\/1156"}],"wp:featuredmedia":[{"embeddable":true,"href":"https:\/\/www.hotelcalina.com\/fr\/wp-json\/wp\/v2\/media\/1938"}],"wp:attachment":[{"href":"https:\/\/www.hotelcalina.com\/fr\/wp-json\/wp\/v2\/media?parent=1138"}],"curies":[{"name":"wp","href":"https:\/\/api.w.org\/{rel}","templated":true}]}}