{"id":1232,"date":"2016-11-24T18:10:50","date_gmt":"2016-11-24T18:10:50","guid":{"rendered":"http:\/\/iptresd.com\/hotelcalina\/contacto\/"},"modified":"2026-03-10T18:22:58","modified_gmt":"2026-03-10T18:22:58","slug":"contact","status":"publish","type":"page","link":"https:\/\/www.hotelcalina.com\/en\/contact\/","title":{"rendered":"Contact"},"content":{"rendered":"<p>[vc_row row_padding_top=&#8221;padding_top_none&#8221; row_padding_bottom=&#8221;padding_bottom_none&#8221;][vc_column width=&#8221;2\/3&#8243; offset=&#8221;vc_col-sm-offset-2&#8243;]<div class=\"heading_group_sc wpb_content_element subtitle_bottom    text-center\">\r\n\r\n\r\n    <h3>LOCATION AND CONTACT<\/h3>\n\r\n\r\n        <span class=\"subtitle\">of Hotel Calina<\/span>\r\n\r\n<\/div>[vc_column_text]<\/p>\n<p style=\"text-align: center;\">Hotel Calina is located on the seafront, on the beach of Port-Lligat in Cadaqu\u00e9s.<\/p>\n<p style=\"text-align: center;\"><strong>Address<\/strong>: Av. Salvador Dal\u00ed, 33. Platja Port-Lligat, 17488 Cadaqu\u00e9s (Costa Brava \u2013 Girona).<\/p>\n<p>[\/vc_column_text]<div class=\"plethora_button wpb_content_element   text-center \">\r\n    <a href=\"https:\/\/www.google.es\/maps\/place\/Hotel+Calina\/@42.294512,3.283152,17z\/data=!3m1!4b1!4m5!3m4!1s0x12ba6f6ac439245f:0x3cc31a32a53c0c!8m2!3d42.294512!4d3.285346?hl=en\" class=\"btn-lg btn btn-dark  \" title=\"\"  target=\" _blank\">\r\n\r\n        \r\n        HOW TO GET THERE\r\n        \r\n\r\n    <\/a>\r\n<\/div>[\/vc_column][\/vc_row][vc_row row_padding_top=&#8221;padding_top_none&#8221;][vc_column width=&#8221;1\/2&#8243;]<!-- ========================== TEASER BOX ==========================-->\r\n\r\n<div class=\"teaser_box wpb_content_element  vertical text-center      with_image \">\r\n\r\n  <div class=\"figure with_image  \">\r\n\r\n\r\n\r\n        \r\n        \r\n        \r\n         <img decoding=\"async\" src=\"https:\/\/www.hotelcalina.com\/wp-content\/uploads\/2016\/11\/stroke-gap-phone.png\" alt=\"Phone\">   \r\n\r\n        \r\n\r\n\r\n  <\/div>\r\n\r\n\r\n  <div class=\"content \">\r\n    \r\n    <div class=\"hgroup textify_links\"><h4>Phone<\/h4><\/div>\r\n\r\n     <div class=\"desc\"><p><b>0034 972 25 88 51<\/b><\/p><\/div> \r\n\r\n  <\/div>\r\n\r\n<\/div>\r\n\r\n<!-- END======================= TEASER BOX ==========================-->[\/vc_column][vc_column width=&#8221;1\/2&#8243;]<!-- ========================== TEASER BOX ==========================-->\r\n\r\n<div class=\"teaser_box wpb_content_element  vertical text-center      with_image \">\r\n\r\n  <div class=\"figure with_image  \">\r\n\r\n\r\n\r\n        \r\n        \r\n        \r\n         <img decoding=\"async\" src=\"https:\/\/www.hotelcalina.com\/wp-content\/uploads\/2016\/11\/stroke-gap-mail.png\" alt=\"E-mail\">   \r\n\r\n        \r\n\r\n\r\n  <\/div>\r\n\r\n\r\n  <div class=\"content \">\r\n    \r\n    <div class=\"hgroup textify_links\"><h4>E-mail<\/h4><\/div>\r\n\r\n     <div class=\"desc\"><p><b>info@hotelcalina.com<\/b><\/p><\/div> \r\n\r\n  <\/div>\r\n\r\n<\/div>\r\n\r\n<!-- END======================= TEASER BOX ==========================-->[\/vc_column][\/vc_row][vc_row row_padding_top=&#8221;padding_top_none&#8221;][vc_column width=&#8221;1\/2&#8243;]<div class=\"heading_group_sc wpb_content_element subtitle_bottom    text-left\">\r\n\r\n\r\n    <h5>CONTACT FORM<\/h5>\n\r\n\r\n        <span class=\"subtitle\"><\/span>\r\n\r\n<\/div>\n<div class=\"wpcf7 no-js\" id=\"wpcf7-f1286-o1\" lang=\"en-US\" dir=\"ltr\" data-wpcf7-id=\"1286\">\n<div class=\"screen-reader-response\"><p role=\"status\" aria-live=\"polite\" aria-atomic=\"true\"><\/p> <ul><\/ul><\/div>\n<form action=\"\/en\/wp-json\/wp\/v2\/pages\/1232#wpcf7-f1286-o1\" method=\"post\" class=\"wpcf7-form init\" aria-label=\"Contact form\" novalidate=\"novalidate\" data-status=\"init\">\n<fieldset class=\"hidden-fields-container\"><input type=\"hidden\" name=\"_wpcf7\" value=\"1286\" \/><input type=\"hidden\" name=\"_wpcf7_version\" value=\"6.1.5\" \/><input type=\"hidden\" name=\"_wpcf7_locale\" value=\"en_US\" \/><input type=\"hidden\" name=\"_wpcf7_unit_tag\" value=\"wpcf7-f1286-o1\" \/><input type=\"hidden\" name=\"_wpcf7_container_post\" value=\"0\" \/><input type=\"hidden\" name=\"_wpcf7_posted_data_hash\" value=\"\" \/>\n<\/fieldset>\n<div class=\"wpcf7-turnstile cf-turnstile\" data-sitekey=\"0x4AAAAAAB3dvswt5hLcSF1o\" data-response-field-name=\"_wpcf7_turnstile_response\"><\/div>\n\n<p><span class=\"wpcf7-form-control-wrap\" data-name=\"your-name\"><input size=\"40\" maxlength=\"400\" class=\"wpcf7-form-control wpcf7-text wpcf7-validates-as-required\" aria-required=\"true\" aria-invalid=\"false\" placeholder=\"Name\" value=\"\" type=\"text\" name=\"your-name\" \/><\/span>\n<\/p>\n<p><span class=\"wpcf7-form-control-wrap\" data-name=\"your-email\"><input size=\"40\" maxlength=\"400\" class=\"wpcf7-form-control wpcf7-email wpcf7-validates-as-required wpcf7-text wpcf7-validates-as-email\" aria-required=\"true\" aria-invalid=\"false\" placeholder=\"E-mail\" value=\"\" type=\"email\" name=\"your-email\" \/><\/span>\n<\/p>\n<p><span class=\"wpcf7-form-control-wrap\" data-name=\"your-message\"><textarea cols=\"40\" rows=\"10\" maxlength=\"2000\" class=\"wpcf7-form-control wpcf7-textarea\" aria-invalid=\"false\" placeholder=\"Your Message\" name=\"your-message\"><\/textarea><\/span>\n<\/p>\n<p><button class=\"btn btn-primary item_centered\" type=\"submit\">Send<\/button>\n<\/p><div class=\"wpcf7-response-output\" aria-hidden=\"true\"><\/div>\n<\/form>\n<\/div>\n[\/vc_column][vc_column width=&#8221;1\/2&#8243;][vc_gmaps link=&#8221;#E-8_JTNDaWZyYW1lJTIwc3JjJTNEJTIyaHR0cHMlM0ElMkYlMkZ3d3cuZ29vZ2xlLmNvbSUyRm1hcHMlMkZlbWJlZCUzRnBiJTNEJTIxMW0xNCUyMTFtOCUyMTFtMyUyMTFkMTE4MDUuMDAzNTEwMzUyODI2JTIxMmQzLjI4NTM0NiUyMTNkNDIuMjk0NTEyJTIxM20yJTIxMWkxMDI0JTIxMmk3NjglMjE0ZjEzLjElMjEzbTMlMjExbTIlMjExczB4MCUyNTNBMHgzY2MzMWEzMmE1M2MwYyUyMTJzSG90ZWwlMkJDYWxpbmElMjE1ZTAlMjEzbTIlMjExc2VuJTIxMnNlcyUyMTR2MTUxNjE4NjI3NjEyMiUyMiUyMHdpZHRoJTNEJTIyNDAwJTIyJTIwaGVpZ2h0JTNEJTIyMzAwJTIyJTIwZnJhbWVib3JkZXIlM0QlMjIwJTIyJTIwc3R5bGUlM0QlMjJib3JkZXIlM0EwJTIyJTIwYWxsb3dmdWxsc2NyZWVuJTNEJTIyJTIyJTNFJTNDJTJGaWZyYW1lJTNF&#8221;][\/vc_column][\/vc_row]<\/p>\n","protected":false},"excerpt":{"rendered":"<p>[vc_row row_padding_top=&#8221;padding_top_none&#8221; row_padding_bottom=&#8221;padding_bottom_none&#8221;][vc_column width=&#8221;2\/3&#8243; offset=&#8221;vc_col-sm-offset-2&#8243;][vc_column_text] Hotel Calina is located on the seafront, on the beach of Port-Lligat in Cadaqu\u00e9s. Address: Av. Salvador Dal\u00ed, 33. Platja Port-Lligat, 17488 Cadaqu\u00e9s (Costa Brava \u2013 Girona). [\/vc_column_text][\/vc_column][\/vc_row][vc_row row_padding_top=&#8221;padding_top_none&#8221;][vc_column width=&#8221;1\/2&#8243;][\/vc_column][vc_column width=&#8221;1\/2&#8243;][\/vc_column][\/vc_row][vc_row row_padding_top=&#8221;padding_top_none&#8221;][vc_column width=&#8221;1\/2&#8243;][\/vc_column][vc_column width=&#8221;1\/2&#8243;][vc_gmaps link=&#8221;#E-8_JTNDaWZyYW1lJTIwc3JjJTNEJTIyaHR0cHMlM0ElMkYlMkZ3d3cuZ29vZ2xlLmNvbSUyRm1hcHMlMkZlbWJlZCUzRnBiJTNEJTIxMW0xNCUyMTFtOCUyMTFtMyUyMTFkMTE4MDUuMDAzNTEwMzUyODI2JTIxMmQzLjI4NTM0NiUyMTNkNDIuMjk0NTEyJTIxM20yJTIxMWkxMDI0JTIxMmk3NjglMjE0ZjEzLjElMjEzbTMlMjExbTIlMjExczB4MCUyNTNBMHgzY2MzMWEzMmE1M2MwYyUyMTJzSG90ZWwlMkJDYWxpbmElMjE1ZTAlMjEzbTIlMjExc2VuJTIxMnNlcyUyMTR2MTUxNjE4NjI3NjEyMiUyMiUyMHdpZHRoJTNEJTIyNDAwJTIyJTIwaGVpZ2h0JTNEJTIyMzAwJTIyJTIwZnJhbWVib3JkZXIlM0QlMjIwJTIyJTIwc3R5bGUlM0QlMjJib3JkZXIlM0EwJTIyJTIwYWxsb3dmdWxsc2NyZWVuJTNEJTIyJTIyJTNFJTNDJTJGaWZyYW1lJTNF&#8221;][\/vc_column][\/vc_row]<\/p>\n","protected":false},"author":1,"featured_media":0,"parent":0,"menu_order":0,"comment_status":"closed","ping_status":"closed","template":"","meta":{"footnotes":""},"class_list":["post-1232","page","type-page","status-publish","hentry"],"_links":{"self":[{"href":"https:\/\/www.hotelcalina.com\/en\/wp-json\/wp\/v2\/pages\/1232","targetHints":{"allow":["GET"]}}],"collection":[{"href":"https:\/\/www.hotelcalina.com\/en\/wp-json\/wp\/v2\/pages"}],"about":[{"href":"https:\/\/www.hotelcalina.com\/en\/wp-json\/wp\/v2\/types\/page"}],"author":[{"embeddable":true,"href":"https:\/\/www.hotelcalina.com\/en\/wp-json\/wp\/v2\/users\/1"}],"replies":[{"embeddable":true,"href":"https:\/\/www.hotelcalina.com\/en\/wp-json\/wp\/v2\/comments?post=1232"}],"version-history":[{"count":6,"href":"https:\/\/www.hotelcalina.com\/en\/wp-json\/wp\/v2\/pages\/1232\/revisions"}],"predecessor-version":[{"id":3959,"href":"https:\/\/www.hotelcalina.com\/en\/wp-json\/wp\/v2\/pages\/1232\/revisions\/3959"}],"wp:attachment":[{"href":"https:\/\/www.hotelcalina.com\/en\/wp-json\/wp\/v2\/media?parent=1232"}],"curies":[{"name":"wp","href":"https:\/\/api.w.org\/{rel}","templated":true}]}}