{"id":1317,"date":"2019-10-29T14:10:08","date_gmt":"2019-10-29T14:10:08","guid":{"rendered":"http:\/\/www.hotelcalina.com\/politica-de-privacitat\/"},"modified":"2019-10-29T14:10:11","modified_gmt":"2019-10-29T14:10:11","slug":"politica-de-privacitat","status":"publish","type":"page","link":"https:\/\/www.hotelcalina.com\/ca\/politica-de-privacitat\/","title":{"rendered":"POL\u00cdTICA DE PRIVACITAT"},"content":{"rendered":"<p>[vc_row][vc_column][vc_column_text]El nostre objectiu, \u00e9s ser el m\u00e9s transparents possible amb els nostres usuaris i clients, sobre les dades personals que recopilem. La seva privadesa \u00e9s important per a nosaltres.<\/p>\n<p>Mitjan\u00e7ant la lectura de la present Pol\u00edtica de Privadesa, l&#8217;usuari queda informat sobre la forma en qu\u00e8 HOTEL CALINA 2016 S.L. recapta, tracta i protegeix les dades de car\u00e0cter personal que li s\u00f3n facilitats a trav\u00e9s del lloc web &#8211; <a href=\"https:\/\/www.hotelcalina.com\">https:\/\/www.hotelcalina.com<\/a> (d&#8217;ara endavant, el lloc web) i aquelles altres dades que pugui facilitar en un futur a HOTEL CALINA 2016 S.L. per altres mitjans.<\/p>\n<p>L&#8217;usuari ha de llegir amb atenci\u00f3 aquesta Pol\u00edtica de Privadesa, que ha estat redactada de forma clara i senzilla, per facilitar la seva comprensi\u00f3, i determinar lliure i volunt\u00e0riament si desitja facilitar les seves dades personals a HOTEL CALINA 2016 S.L..<\/p>\n<p>En emplenar qualsevol formulari i fer clic en la casella &#8220;Accepto ppl\u00edtica de privacitat&#8221; o similar, l&#8217;usuari manifesta haver llegit i acceptat expressament la present pol\u00edtica de privadesa i atorga el seu consentiment inequ\u00edvoc i expr\u00e9s al tractament de les seves dades personals, conforme a les finalitats informades i serveis que presta HOTEL CALINA 2016 S.L..<\/p>\n<p><strong>Qui \u00e9s el responsable del tractament de les seves dades?<\/strong><\/p>\n<ul>\n<li>Identitat: HOTEL CALINA 2016 S.L. &#8211; NIF: B55255244<\/li>\n<li>Direcci\u00f3 postal: AV. SALVADOR DAL\u00cd, 33 &#8211; PLATJA PORT LLIGAT, 17488 CADAQUES (GRIONA)<\/li>\n<li>Tel\u00e8fon: 972258851<\/li>\n<li>Correu electr\u00f2nic: <a href=\"mailto:direct@hotelcalina.com\">direct@hotelcalina.com<\/a><\/li>\n<\/ul>\n<p><u>&#8211; Tractament de DADES recaptats mitjan\u00e7ant la WEB<\/u><\/p>\n<p>(es recomana desplegable)<\/p>\n<p><strong>Amb quina finalitat tractem les seves dades personals?<\/strong><\/p>\n<p>En HOTEL CALINA 2016 S.L. tractem la informaci\u00f3 que ens faciliten les persones interessades amb la finalitat d&#8217;atendre la seva sol\u00b7licitud i enviar-li comunicacions comercials, aix\u00ed com els nostres butlletins.<\/p>\n<p><strong>Per quant temps conservarem les seves dades?<\/strong><\/p>\n<p>Les dades es conservaran mentre l&#8217;interessat no sol\u00b7liciti la seva supressi\u00f3.<\/p>\n<p><strong>Quina \u00e9s la legitimaci\u00f3 per al tractament de les seves dades?<\/strong><\/p>\n<p>Li indiquem la base legal per al tractament de les seves dades:<\/p>\n<ul>\n<li>Consentiment de l&#8217;interessat: Atendre la seva sol\u00b7licitud i enviar-li comunicacions comercials, aix\u00ed com els nostres butlletins.<\/li>\n<\/ul>\n<p><strong>A quins destinataris es comunicaran les seves dades?<\/strong><\/p>\n<p>No se cediran dades a tercers, excepte obligaci\u00f3 legal.<\/p>\n<p><strong>Transfer\u00e8ncies de dades a tercers pa\u00efsos?<\/strong><\/p>\n<p>No estan previstes transfer\u00e8ncies de dades a tercers pa\u00efsos.<\/p>\n<p><strong>Com hem obtingut les seves dades?<\/strong><\/p>\n<p>Les dades personals que tractem en HOTEL CALINA 2016 S.L. procedeixen del propi interessat.<\/p>\n<p>No es tracten categories especials de dades personals (s\u00f3n aquelles dades que revelin l&#8217;origen \u00e8tnic o racial, les opinions pol\u00edtiques, les conviccions religioses o filos\u00f2fiques, o l&#8217;afiliaci\u00f3 sindical, dades gen\u00e8tiques, dades biom\u00e8triques dirigides a identificar de manera un\u00edvoca a una persona f\u00edsica, dades relatives a la salut o dades relatives a la vida sexual o l&#8217;orientaci\u00f3 sexual d&#8217;una persona f\u00edsica).<\/p>\n<p><u>&#8211; Tractament de DADES per SELECCI\u00d3 del PERSONAL<\/u><\/p>\n<p>(es recomana desplegable)<\/p>\n<p><strong>Amb quina finalitat tractem les seves dades personals?<\/strong><\/p>\n<p>En HOTEL CALINA 2016 S.L. tractem la informaci\u00f3 que ens faciliten les persones interessades amb la finalitat de realitzar els processos de selecci\u00f3 de personal.<\/p>\n<p><strong>Per quant temps conservarem les seves dades?<\/strong><\/p>\n<p>Es conservaran durant dos anys, a excepci\u00f3 que l&#8217;interessat retiri el seu consentiment abans del termini m\u00e0xim de conservaci\u00f3.<\/p>\n<p><strong>Quina \u00e9s la legitimaci\u00f3 per al tractament de les seves dades?<\/strong><\/p>\n<p>Li indiquem la base legal per al tractament de les seves dades:<\/p>\n<ul>\n<li>Consentiment de l&#8217;interessat: Participar en els processos de selecci\u00f3 de personal.<\/li>\n<\/ul>\n<p><strong>A quins destinataris es comunicaran les seves dades?<\/strong><\/p>\n<p>No se cediran dades a tercers, excepte obligaci\u00f3 legal.<\/p>\n<p><strong>Transfer\u00e8ncies de dades a tercers pa\u00efsos?<\/strong><\/p>\n<p>No estan previstes transfer\u00e8ncies de dades a tercers pa\u00efsos.<\/p>\n<p><strong>Com hem obtingut les seves dades?<\/strong><\/p>\n<p>Les dades personals que tractem en HOTEL CALINA 2016 S.L.\u00a0 procedeixen del propi interessat.<br \/>\nLes categories de dades que es tracten s\u00f3n:<\/p>\n<ul>\n<li>Dades identificatives<\/li>\n<li>Adreces postals i electr\u00f2niques<\/li>\n<\/ul>\n<p>No es tracten categories especials de dades personals (s\u00f3n aquelles dades que revelin l&#8217;origen \u00e8tnic o racial, les opinions pol\u00edtiques, les conviccions religioses o filos\u00f2fiques, o l&#8217;afiliaci\u00f3 sindical, dades gen\u00e8tiques, dades biom\u00e8triques dirigides a identificar de manera un\u00edvoca a una persona f\u00edsica, dades relatives a la salut o dades relatives a la vida sexual o l&#8217;orientaci\u00f3 sexual d&#8217;una persona f\u00edsica).<\/p>\n<p><u>&#8211; Tractament de DADES de CLIENTS<\/u><\/p>\n<p>(es recomana desplegable)<\/p>\n<p><strong>Amb quina finalitat tractem les seves dades personals?<\/strong><\/p>\n<p>En HOTEL CALINA 2016 S.L. tractem la informaci\u00f3 que ens faciliten les persones interessades amb la finalitat de realitzar la gesti\u00f3 administrativa, comptable i fiscal dels serveis sol\u00b7licitats, aix\u00ed com enviar comunicacions comercials sobre els nostres productes i serveis. No es prendran decisions automatitzades en base a les dades proporcionades.<\/p>\n<p><strong>Per quant temps conservarem les seves dades?<\/strong><\/p>\n<p>Les dades es conservaran mentre l&#8217;interessat no sol\u00b7liciti la seva supressi\u00f3, i si escau, durant els anys necessaris per complir amb les obligacions legals.<\/p>\n<p><strong>Quin \u00e9s la legitimaci\u00f3 per al tractament de les seves dades?<\/strong><\/p>\n<p>Li indiquem la base legal per al tractament de les seves dades:<\/p>\n<ul>\n<li>Execuci\u00f3 d&#8217;un contracte: Prestar el servei sol\u00b7licitat.<\/li>\n<li>Inter\u00e8s leg\u00edtim del Responsable: Enviar comunicacions comercials sobre els nostres productes i serveis.<\/li>\n<\/ul>\n<p><strong>A quins destinataris es comunicaran les seves dades?<\/strong><\/p>\n<p>Les dades es comunicaran als seg\u00fcents destinataris:<\/p>\n<ul>\n<li>Ag\u00e8ncia Tribut\u00e0ria, amb la finalitat de complir amb les obligacions legals.<\/li>\n<li>Entitats financeres, amb la finalitat de girar els rebuts corresponents.<\/li>\n<\/ul>\n<p><strong>Transfer\u00e8ncies de dades a tercers pa\u00efsos<\/strong><\/p>\n<p>No estan previstes transfer\u00e8ncies de dades a tercers pa\u00efsos.<\/p>\n<p><strong>Com hem obtingut les seves dades?<\/strong><\/p>\n<p>Les dades personals que tractem en HOTEL CALINA 2016 S.L. procedeixen de: El propi interessat.<br \/>\nLes categories de dades que es tracten s\u00f3n:<\/p>\n<ul>\n<li>Dades identificatives.<\/li>\n<li>Adreces postals i electr\u00f2niques.<\/li>\n<li>Informaci\u00f3 comercial.<\/li>\n<\/ul>\n<p><u>&#8211; Tractament de les dades de VIDEOVIGILANCIA<\/u><\/p>\n<p>(es recomana desplegable)<\/p>\n<p><strong>Informaci\u00f3 b\u00e0sica sobre Protecci\u00f3 de Dades<\/strong><\/p>\n<p>Responsable: HOTEL CALINA 2016 S.L.; Finalitat: Garantir la seguretat de persones, b\u00e9ns i instal\u00b7lacions; Legitimaci\u00f3: Missi\u00f3 en Inter\u00e8s p\u00fablic; Destinataris: Estan previstes cessions de dades a: Si escau, les forces i cossos de seguretat de l&#8217;Estat, aix\u00ed com Jutjats i Tribunals; Drets: T\u00e9 dret a accedir, rectificar i suprimir les dades, aix\u00ed com altres drets, indicats en la informaci\u00f3 addicional, que pot exercir dirigint-se a l&#8217;adre\u00e7a del responsable del tractament; Proced\u00e8ncia: El propi interessat.<\/p>\n<p><strong>Informaci\u00f3 completa sobre Protecci\u00f3 de Dades<\/strong><\/p>\n<p><strong>Amb quina finalitat tractem les seves dades personals?<\/strong><\/p>\n<p>En HOTEL CALINA 2016 S.L. tractem la informaci\u00f3 que ens faciliten les persones interessades amb la finalitat de garantir la seguretat de persones, b\u00e9ns i instal\u00b7lacions.<\/p>\n<p>No es prendran decisions automatitzades en base a les dades obtingudes.<\/p>\n<p><strong>Per quant temps conservarem les seves dades?<\/strong><\/p>\n<p>Les dades es conservaran un m\u00e0xim de 30 dies, excepte comunicaci\u00f3 a Forces i Cossos de Seguretat, i\/o Jutjats i Tribunals.<\/p>\n<p><strong>Quin \u00e9s la legitimaci\u00f3 per al tractament de les seves dades?<\/strong><\/p>\n<p>Li indiquem la base legal per al tractament de les seves dades:<\/p>\n<ul>\n<li>Missi\u00f3 en Inter\u00e8s p\u00fablic: Garantir la seguretat de persones, b\u00e9ns i instal\u00b7lacions.<\/li>\n<\/ul>\n<p><strong>A quins destinataris es comunicaran les seves dades?<\/strong><\/p>\n<p>Les dades es comunicaran als seg\u00fcents destinataris:<\/p>\n<ul>\n<li>Si escau, les forces i cossos de seguretat de l&#8217;Estat, aix\u00ed com Jutjats i Tribunals, amb la finalitat d&#8217;aportar les imatges si s&#8217;ha com\u00e8s un delicte.<\/li>\n<\/ul>\n<p><strong>Transfer\u00e8ncies de dades a tercers pa\u00efsos<\/strong><\/p>\n<p>No estan previstes transfer\u00e8ncies de dades a tercers pa\u00efsos.<\/p>\n<p><strong>Com hem obtingut les seves dades?<\/strong><\/p>\n<p>Les dades personals que tractem en HOTEL CALINA 2016 S.L. procedeixen de: El propi interessat.<\/p>\n<p><strong>Quins s\u00f3n els seus drets quan ens facilita les seves dades?<\/strong><\/p>\n<p>Qualsevol persona t\u00e9 dret a obtenir confirmaci\u00f3 sobre si en HOTEL CALINA 2016 S.L. estem tractant dades personals que els concerneixin, o no.<\/p>\n<p>Les persones interessades tenen dret a accedir a les seves dades personals, aix\u00ed com a sol\u00b7licitar la rectificaci\u00f3 de les dades inexactes o, si escau, sol\u00b7licitar la seva supressi\u00f3 quan, entre altres motius, les dades ja no siguin necess\u00e0ries per a les finalitats que van ser recollides.<\/p>\n<p>En determinades circumst\u00e0ncies, els interessats podran sol\u00b7licitar la limitaci\u00f3 del tractament de les seves dades, en aquest cas \u00fanicament els conservarem per a l&#8217;exercici o la defensa de reclamacions.<\/p>\n<p>En determinades circumst\u00e0ncies i per motius relacionats amb la seva situaci\u00f3 particular, els interessats podran oposar-se al tractament de les seves dades. En aquest cas, HOTEL CALINA 2016 S.L. deixar\u00e0 de tractar les dades, a menys que hi hagi motius leg\u00edtims imperiosos, o l&#8217;exercici o la defensa de possibles reclamacions.<\/p>\n<p>Podr\u00e0 exercitar materialment els seus drets de la seg\u00fcent forma: Dirigint-se a l\u2019adre\u00e7a del responsable o al correu electr\u00f2nic indicat en aquest document, amb la sol\u00b7licitud escrita i signada i c\u00f2pia del seu document d\u2019identitat.<\/p>\n<p>Si ha atorgat el seu consentiment per a alguna finalitat concreta, t\u00e9 dret a retirar el consentiment atorgat a qualsevol moment, sense que aix\u00f2 afecti a la licitud del tractament basat en el consentiment previ a la seva retirada.<\/p>\n<p>En cas que senti vulnerats els seus drets pel que concerneix la protecci\u00f3 de les seves dades personals, especialment quan no hagi obtingut satisfacci\u00f3 en l&#8217;exercici dels seus drets, pot presentar una reclamaci\u00f3 davant l&#8217;Autoritat de Control en mat\u00e8ria de Protecci\u00f3 de Dades competent a trav\u00e9s del seu lloc web: <a href=\"https:\/\/www.agpd.es\">www.agpd.es<\/a>[\/vc_column_text][\/vc_column][\/vc_row]<\/p>\n","protected":false},"excerpt":{"rendered":"<p>[vc_row][vc_column][vc_column_text]El nostre objectiu, \u00e9s ser el m\u00e9s transparents possible amb els nostres usuaris i clients, sobre les dades personals que recopilem. La seva privadesa \u00e9s important per a nosaltres. Mitjan\u00e7ant la lectura de la present Pol\u00edtica de Privadesa, l&#8217;usuari queda informat sobre la forma en qu\u00e8 HOTEL CALINA 2016 S.L. recapta, tracta i protegeix les [&hellip;]<\/p>\n","protected":false},"author":1,"featured_media":0,"parent":0,"menu_order":0,"comment_status":"closed","ping_status":"closed","template":"","meta":{"footnotes":""},"class_list":["post-1317","page","type-page","status-publish","hentry"],"_links":{"self":[{"href":"https:\/\/www.hotelcalina.com\/ca\/wp-json\/wp\/v2\/pages\/1317","targetHints":{"allow":["GET"]}}],"collection":[{"href":"https:\/\/www.hotelcalina.com\/ca\/wp-json\/wp\/v2\/pages"}],"about":[{"href":"https:\/\/www.hotelcalina.com\/ca\/wp-json\/wp\/v2\/types\/page"}],"author":[{"embeddable":true,"href":"https:\/\/www.hotelcalina.com\/ca\/wp-json\/wp\/v2\/users\/1"}],"replies":[{"embeddable":true,"href":"https:\/\/www.hotelcalina.com\/ca\/wp-json\/wp\/v2\/comments?post=1317"}],"version-history":[{"count":1,"href":"https:\/\/www.hotelcalina.com\/ca\/wp-json\/wp\/v2\/pages\/1317\/revisions"}],"predecessor-version":[{"id":1318,"href":"https:\/\/www.hotelcalina.com\/ca\/wp-json\/wp\/v2\/pages\/1317\/revisions\/1318"}],"wp:attachment":[{"href":"https:\/\/www.hotelcalina.com\/ca\/wp-json\/wp\/v2\/media?parent=1317"}],"curies":[{"name":"wp","href":"https:\/\/api.w.org\/{rel}","templated":true}]}}