{"id":1315,"date":"2019-10-29T14:08:51","date_gmt":"2019-10-29T14:08:51","guid":{"rendered":"http:\/\/www.hotelcalina.com\/politica-de-cookies\/"},"modified":"2020-12-01T11:22:53","modified_gmt":"2020-12-01T11:22:53","slug":"politica-de-cookies","status":"publish","type":"page","link":"https:\/\/www.hotelcalina.com\/ca\/politica-de-cookies\/","title":{"rendered":"POL\u00cdTICA DE COOKIES"},"content":{"rendered":"<p>&nbsp;<\/p>\n<p><strong>INFORMACI\u00d3 SOBRE COOKIES<\/strong><\/p>\n<p>A causa de l\u2019entrada en vigor de la referent modificaci\u00f3 de la \u00abLlei de Serveis de la Societat de la Informaci\u00f3 (LSSICE) establerta pel Reial Decret 13\/2012, \u00e9s obligat obtenir el consentiment expr\u00e9s de l\u2019usuari de totes les p\u00e0gines web que utilitzen cookies prescindibles, abans que aquest navegui per elles.<\/p>\n<p>&nbsp;<\/p>\n<p><strong>QU\u00c8 S\u00d3N LES COOKIES?<\/strong><\/p>\n<p>Les cookies i altres tecnologies similars com ara local shared objects, flash cookies o p\u00edxels, s\u00f3n eines emprades pels servidors Web per emmagatzemar i recuperar informaci\u00f3 sobre els seus visitants, aix\u00ed com per oferir un correcte<br \/>\nfuncionament del lloc.<\/p>\n<p>Mitjan\u00e7ant l\u2019\u00fas d\u2019aquests dispositius es permet al servidor Web recordar algunes dades referents a l\u2019usuari, com les seves prefer\u00e8ncies per a la visualitzaci\u00f3 de les p\u00e0gines d\u2019aquest servidor, nom i contrasenya, productes que m\u00e9s li interessen, etc.<\/p>\n<p>&nbsp;<\/p>\n<p><strong>COOKIES AFECTADES PER LA NORMATIVA I COOKIES EXCEPTUADES<\/strong><\/p>\n<p>Segons la directiva de la UE, les cookies que requereixen el consentiment informat per part de l\u2019usuari s\u00f3n les cookies anal\u00edtiques i les de publicitat i afiliaci\u00f3, i queden exceptuades les de car\u00e0cter t\u00e8cnic i les necess\u00e0ries per al funcionament del lloc web o la prestaci\u00f3 de serveis expressament sol\u00b7licitats per l\u2019usuari.<\/p>\n<p><strong>TIPUS DE COOKIES <\/strong><\/p>\n<p><strong>SEGONS LA FINALITAT<\/strong><\/p>\n<p><strong>Cookies t\u00e8cniques i funcionals:<\/strong> s\u00f3n les que permeten a l\u2019usuari navegar a trav\u00e9s d\u2019una p\u00e0gina web, plataforma o aplicaci\u00f3 i utilitzar les diferents opcions o serveis que hi hagi.<\/p>\n<p><strong>Cookies d\u2019an\u00e0lisi:<\/strong> s\u00f3n les que permeten al responsable d\u2019aquestes monitoritzar i analitzar el comportament dels usuaris dels llocs web als quals estan vinculats. La informaci\u00f3 recollida mitjan\u00e7ant aquest tipus de cookies s\u2019utilitza en el mesurament de l\u2019activitat dels llocs web, aplicaci\u00f3 o plataforma i per elaborar perfils de navegaci\u00f3 dels usuaris d\u2019aquests llocs, aplicacions i plataformes, per tal d\u2019introduir millores en funci\u00f3 de l\u2019an\u00e0lisi de les dades d\u2019\u00fas que fan els usuaris del servei.<\/p>\n<p><strong>Cookies publicit\u00e0ries<\/strong>: s\u00f3n aquelles que permeten gestionar, de la manera m\u00e9s efica\u00e7 possible, els espais publicitaris que, si escau, l\u2019editor hagi incl\u00f2s en una p\u00e0gina web, aplicaci\u00f3 o plataforma des de la qual presta el servei sol\u00b7licitat segons criteris com el contingut editat o la freq\u00fc\u00e8ncia en qu\u00e8 es mostren els anuncis.<\/p>\n<p><strong>Cookies de publicitat comportamental:<\/strong> recullen informaci\u00f3 sobre les prefer\u00e8ncies i eleccions personals de l\u2019usuari (retargeting) per permetre gestionar, de la manera m\u00e9s efica\u00e7 possible, els espais publicitaris que, si escau, l\u2019editor hagi incl\u00f2s en una p\u00e0gina web, aplicaci\u00f3 o plataforma des de la qual presta el servei sol\u00b7licitat<\/p>\n<p><strong>Cookies socials:<\/strong> s\u00f3n aquelles que han estat instal\u00b7lades per les plataformes de xarxes socials en els serveis per permetre-us compartir contingut amb els vostres amics i xarxes. Les plataformes de mitjans socials tenen la capacitat de rastrejar la vostra activitat en l\u00ednia fora dels Serveis. Aix\u00f2 pot afectar el contingut i els missatges que veieu en altres serveis que visiteu.<\/p>\n<p><strong>Cookies d\u2019afiliats:<\/strong> permeten fer un seguiment de les visites procedents d\u2019altres webs, amb les quals el lloc web estableix un contracte d\u2019afiliaci\u00f3 (empreses d\u2019afiliaci\u00f3).<\/p>\n<p><strong>Cookies de seguretat:<\/strong> emmagatzemen informaci\u00f3 xifrada per evitar que les dades que s\u2019hi guarden siguin vulnerables a atacs maliciosos de tercers.<\/p>\n<p><strong>SEGONS LA PROPIETAT<\/strong><\/p>\n<p><strong>Cookies pr\u00f2pies:<\/strong> s\u00f3n les que s\u2019envien a l\u2019equip terminal de l\u2019usuari des d\u2019un equip o domini gestionat pel propi editor i des del qual es proporciona el servei sol\u00b7licitat per l\u2019usuari.<\/p>\n<p><strong>Cookies de tercers:<\/strong> s\u00f3n les que s\u2019envien a l\u2019equip terminal de l\u2019usuari des d\u2019un equip o domini que no \u00e9s gestionat per l\u2019editor, sin\u00f3 per una altra entitat que tracta les dades obtingudes mitjan\u00e7ant les cookies.<\/p>\n<p><strong>SEGONS EL TERMINI DE CONSERVACI\u00d3<\/strong><\/p>\n<p><strong>Cookies de sessi\u00f3:<\/strong> s\u00f3n un tipus de cookies dissenyades per obtenir i emmagatzemar dades mentre l\u2019usuari accedeix a una p\u00e0gina web.<\/p>\n<p><strong>Cookies persistents:<\/strong> s\u00f3n un tipus de cookies en qu\u00e8 les dades segueixen emmagatzemades en el terminal i poden ser accedides i tractades durant un per\u00edode definit pel responsable de la cookie, i que durar des d\u2019uns minuts a diversos anys.<\/p>\n<p>&nbsp;<\/p>\n<p><strong>TRACTAMENT DE DADES PERSONALS<\/strong><\/p>\n<p>HOTEL CALINA 2016, S.L. \u00e9s el <strong>Responsable del tractament<\/strong> de les dades personals de <strong>l\u2019Interessat<\/strong> i l\u2019informa que aquestes dades es tractaran de conformitat amb el que estableix el Reglament (UE) 2016\/679, de 27 d\u2019abril de 2016 (GDPR), per la qual cosa se li facilita la seg\u00fcent informaci\u00f3 del tractament:<\/p>\n<p><strong>Finalitats del tractament:<\/strong> segons s\u2019especifica en l\u2019apartat de cookies que s\u2019utilitzen en aquest lloc web.<br \/>\n<strong>Legitimaci\u00f3 del tractament:<\/strong> per consentiment de l\u2019interessat (art. 6.1 GDPR).<br \/>\n<strong>Criteris de conservaci\u00f3 de les dades<\/strong>: segons s\u2019especifica en l\u2019apartat de cookies utilitzades al web.<br \/>\n<strong>Comunicaci\u00f3 de les dades:<\/strong> no es comunicaran les dades a tercers, excepte en cookies propietat de tercers o per<br \/>\nobligaci\u00f3 legal.<\/p>\n<p><strong>Drets que t\u00e9 l\u2019Interessat:<\/strong><\/p>\n<p>&#8211; Dret a retirar el consentiment en qualsevol moment.<br \/>\n&#8211; Dret d\u2019acc\u00e9s, rectificaci\u00f3, portabilitat i supressi\u00f3 de les seves dades i de limitaci\u00f3 o oposici\u00f3 al seu tractament.<br \/>\n&#8211; Dret a presentar una reclamaci\u00f3 davant l\u2019Autoritat de control (www.aepd.es) si considera que el tractament no s\u2019ajusta a la normativa vigent.<\/p>\n<p><strong>Dades de contacte per exercir els seus drets:<\/strong><\/p>\n<p>HOTEL CALINA 2016, S.L.. AV. SALVADOR DALI, 33. PLATJA PORT LLIGAT, &#8211; 17488 CADAQUES (Girona). E-mail: direct@hotelcalina.com<\/p>\n<p>&nbsp;<\/p>\n<p><strong>COOKIES UTILITZADES EN AQUEST LLOC WEB<\/strong><\/p>\n<p><strong>COOKIES CONTROLADES PER L\u2019EDITOR<\/strong><\/p>\n<p><strong>T\u00e8cniques i funcional<\/strong><\/p>\n<table style=\"border-collapse: collapse; width: 100%;\" border=\"1\">\n<tbody>\n<tr style=\"height: 24px;\">\n<td style=\"width: 25%; text-align: center; height: 24px;\"><strong>Propietat<\/strong><\/td>\n<td style=\"width: 25%; height: 24px; text-align: center;\"><strong>Cookie<\/strong><\/td>\n<td style=\"width: 25%; height: 24px; text-align: center;\"><strong>Finalitat\u00a0<\/strong><\/td>\n<td style=\"width: 25%; height: 24px; text-align: center;\"><strong>Pla\u00e7<\/strong><\/td>\n<\/tr>\n<tr style=\"height: 24px;\">\n<td style=\"width: 25%; height: 24px;\">google.com<\/td>\n<td style=\"width: 25%; height: 24px;\">__Secure-3PSIDC<br \/>\nC<\/td>\n<td style=\"width: 25%; height: 24px;\">Cookie necess\u00e0ria per a la utilitzaci\u00f3 de les opcions i serveis de la p\u00e0gina web<\/td>\n<td style=\"width: 25%; height: 24px;\">en un any<\/td>\n<\/tr>\n<tr style=\"height: 24px;\">\n<td style=\"width: 25%; height: 24px;\">google.com<\/td>\n<td style=\"width: 25%; height: 24px;\">CONSENT<\/td>\n<td style=\"width: 25%; height: 24px;\">Rastrejador de consentiment de cookies de Google<\/td>\n<td style=\"width: 25%; height: 24px;\">en 17 anys<\/td>\n<\/tr>\n<tr style=\"height: 24px;\">\n<td style=\"width: 25%; height: 24px;\">google.com<\/td>\n<td style=\"width: 25%; height: 24px;\">SEARCH_SAMESI<br \/>\nTE<\/td>\n<td style=\"width: 25%; height: 24px;\">SameSite evita que el navegador envi\u00ef aquesta galeta juntament amb les sol\u00b7licituds entre llocs. L&#8217;objectiu principal<br \/>\n\u00e9s mitigar el risc de fuga d&#8217;informaci\u00f3 d&#8217;origen creuat. Tamb\u00e9 proporciona certa protecci\u00f3 contra atacs de falsificaci\u00f3 de sol\u00b7licituds entre llocs.<\/td>\n<td style=\"width: 25%; height: 24px;\">en 4 mesos<\/td>\n<\/tr>\n<tr style=\"height: 24px;\">\n<td style=\"width: 25%; height: 24px;\">hotelcalina.com<\/td>\n<td style=\"width: 25%; height: 24px;\">cookielawinfocheckboxnecessary<\/td>\n<td style=\"width: 25%; height: 24px;\">Cookie necess\u00e0ria per a la utilitzaci\u00f3 de les opcions i serveis de la p\u00e0gina web<\/td>\n<td style=\"width: 25%; height: 24px;\">Sesi\u00f3n<\/td>\n<\/tr>\n<tr style=\"height: 24px;\">\n<td style=\"width: 25%; height: 24px;\">hotelcalina.com<\/td>\n<td style=\"width: 25%; height: 24px;\">cookielawinfocheckbox-nonnecessary<\/td>\n<td style=\"width: 25%; height: 24px;\">Cookie necess\u00e0ria per a la utilitzaci\u00f3 de les opcions i serveis de la p\u00e0gina web<\/td>\n<td style=\"width: 25%; height: 24px;\">en un any<\/td>\n<\/tr>\n<\/tbody>\n<\/table>\n<p><strong>Analitiques<\/strong><\/p>\n<table style=\"border-collapse: collapse; width: 100%;\" border=\"1\">\n<tbody>\n<tr style=\"height: 24px;\">\n<td style=\"width: 25%; text-align: center; height: 24px;\"><strong>Propietat\u00a0<\/strong><\/td>\n<td style=\"width: 25%; text-align: center; height: 24px;\"><strong>Cookie<\/strong><\/td>\n<td style=\"width: 25%; text-align: center; height: 24px;\"><strong>Finalitat\u00a0<\/strong><\/td>\n<td style=\"width: 25%; text-align: center; height: 24px;\"><strong>Pla\u00e7<\/strong><\/td>\n<\/tr>\n<tr style=\"height: 48px;\">\n<td style=\"width: 25%; height: 48px;\">google.com<\/td>\n<td style=\"width: 25%; height: 48px;\">__Secure-3PAPISI<br \/>\nD<\/td>\n<td style=\"width: 25%; height: 48px;\">Aquestes galetes s&#8217;utilitzen per lliurar anuncis m\u00e9s rellevants per a vost\u00e8 i els seus interessos.<\/td>\n<td style=\"width: 25%; height: 48px;\">en 2 anys<\/td>\n<\/tr>\n<tr style=\"height: 24px;\">\n<td style=\"width: 25%; height: 24px;\">google.com<\/td>\n<td style=\"width: 25%; height: 24px;\">__Secure-3PSID<\/td>\n<td style=\"width: 25%; height: 24px;\">Aquestes galetes s&#8217;utilitzen per lliurar anuncis m\u00e9s rellevants per a vost\u00e8 i els seus interessos.<\/td>\n<td style=\"width: 25%; height: 24px;\">en 2 anys<\/td>\n<\/tr>\n<tr style=\"height: 24px;\">\n<td style=\"width: 25%; height: 24px;\">hotelcalina.com<\/td>\n<td style=\"width: 25%; height: 24px;\">_ga<\/td>\n<td style=\"width: 25%; height: 24px;\">ID s&#8217;utilitza per identificar els usuaris<\/td>\n<td style=\"width: 25%; height: 24px;\">en 2 anys<\/td>\n<\/tr>\n<tr style=\"height: 24px;\">\n<td style=\"width: 25%; height: 24px;\">hotelcalina.com<\/td>\n<td style=\"width: 25%; height: 24px;\">_gat<\/td>\n<td style=\"width: 25%; height: 24px;\">S&#8217;utilitza per monitoritzar el nombre de peticions a servidor de Google Analytics quan s&#8217;utilitza l&#8217;Administrador d&#8217;etiquetes<br \/>\nGoogle<\/td>\n<td style=\"width: 25%; height: 24px;\">Sesi\u00f3n<\/td>\n<\/tr>\n<tr style=\"height: 24px;\">\n<td style=\"width: 25%; height: 24px;\">hotelcalina.com<\/td>\n<td style=\"width: 25%; height: 24px;\">_gid<\/td>\n<td style=\"width: 25%; height: 24px;\">ID s&#8217;utilitza per identificar els usuaris durant 24 hores despr\u00e9s de l&#8217;\u00faltima activitat<\/td>\n<td style=\"width: 25%; height: 24px;\">en 22 hores<\/td>\n<\/tr>\n<\/tbody>\n<\/table>\n<p><strong>Publicitaries<\/strong><\/p>\n<table style=\"border-collapse: collapse; width: 100%;\" border=\"1\">\n<tbody>\n<tr style=\"height: 24px;\">\n<td style=\"width: 25%; text-align: center; height: 24px;\"><strong>Propietat\u00a0<\/strong><\/td>\n<td style=\"width: 25%; text-align: center; height: 24px;\"><strong>Cookie<\/strong><\/td>\n<td style=\"width: 25%; text-align: center; height: 24px;\"><strong>Finalitat<\/strong><\/td>\n<td style=\"width: 25%; height: 24px; text-align: center;\"><strong>Pla\u00e7<\/strong><\/td>\n<\/tr>\n<tr style=\"height: 24px;\">\n<td style=\"width: 25%; height: 24px;\">google.com<\/td>\n<td style=\"width: 25%; height: 24px;\">1P_JAR<\/td>\n<td style=\"width: 25%; height: 24px;\">Aquestes cookies es configuren a trav\u00e9s de v\u00eddeos de YouTube incrustats. Registren dades estad\u00edstiques an\u00f2nimes,<br \/>\nper exemple, quantes vegades es visualitza el v\u00eddeo i quins par\u00e0metres s&#8217;utilitzen per a la reproducci\u00f3.<\/td>\n<td style=\"width: 25%; height: 24px;\">en un mes<\/td>\n<\/tr>\n<tr style=\"height: 24px;\">\n<td style=\"width: 25%; height: 24px;\">google.com<\/td>\n<td style=\"width: 25%; height: 24px;\">ANID<\/td>\n<td style=\"width: 25%; height: 24px;\">Google utilitza aquests cookies per fer publicitat m\u00e9s atractiva per als usuaris i m\u00e9s valuosa per als editors i anunciants<\/td>\n<td style=\"width: 25%; height: 24px;\">en un any<\/td>\n<\/tr>\n<tr style=\"height: 24px;\">\n<td style=\"width: 25%; height: 24px;\">google.com<\/td>\n<td style=\"width: 25%; height: 24px;\">APISID<\/td>\n<td style=\"width: 25%; height: 24px;\">Descarregar certes eines de Google i guardar certes<br \/>\nprefer\u00e8ncies, per exemple, el nombre de resultats de la<br \/>\nrecerca per full o l&#8217;activaci\u00f3 de l&#8217;filtre SafeSearch. Ajusta els anuncis que apareixen a la cerca de Google.<\/td>\n<td style=\"width: 25%; height: 24px;\">en 2 anys<\/td>\n<\/tr>\n<tr style=\"height: 24px;\">\n<td style=\"width: 25%; height: 24px;\">google.com<\/td>\n<td style=\"width: 25%; height: 24px;\">HSID<\/td>\n<td style=\"width: 25%; height: 24px;\">Descarregar certes eines de Google i guardar certes<br \/>\nprefer\u00e8ncies, per exemple, el nombre de resultats de la<br \/>\nrecerca per full o l&#8217;activaci\u00f3 de l&#8217;filtre SafeSearch. Ajusta els anuncis que apareixen a la cerca de Google.<\/td>\n<td style=\"width: 25%; height: 24px;\">en 2 anys<\/td>\n<\/tr>\n<tr style=\"height: 24px;\">\n<td style=\"width: 25%; height: 24px;\">google.com<\/td>\n<td style=\"width: 25%; height: 24px;\">NID<\/td>\n<td style=\"width: 25%; height: 24px;\">Aquestes galetes s&#8217;utilitzen per recollir estad\u00edstiques de la p\u00e0gina web i rastrejar les taxes de conversi\u00f3 i la<br \/>\npersonalitzaci\u00f3 d&#8217;anuncis de Google<\/td>\n<td style=\"width: 25%; height: 24px;\">en 7 mesos<\/td>\n<\/tr>\n<tr style=\"height: 24px;\">\n<td style=\"width: 25%; height: 24px;\">google.com<\/td>\n<td style=\"width: 25%; height: 24px;\">OTZ<\/td>\n<td style=\"width: 25%; height: 24px;\">An\u00e0lisi agregat dels visitants de el lloc<\/td>\n<td style=\"width: 25%; height: 24px;\">en un mes<\/td>\n<\/tr>\n<tr style=\"height: 24px;\">\n<td style=\"width: 25%; height: 24px;\">google.com<\/td>\n<td style=\"width: 25%; height: 24px;\">SAPISID<\/td>\n<td style=\"width: 25%; height: 24px;\">Descarregar certes eines de Google i guardar certes<br \/>\nprefer\u00e8ncies, per exemple, el nombre de resultats de la<br \/>\nrecerca per full o l&#8217;activaci\u00f3 de l&#8217;filtre SafeSearch. Ajusta els anuncis que apareixen a la cerca de Google.<\/td>\n<td style=\"width: 25%; height: 24px;\">en 2 anys<\/td>\n<\/tr>\n<tr style=\"height: 24px;\">\n<td style=\"width: 25%; height: 24px;\">google.com<\/td>\n<td style=\"width: 25%; height: 24px;\">SID<\/td>\n<td style=\"width: 25%; height: 24px;\">Descarregar certes eines de Google i guardar certes<br \/>\nprefer\u00e8ncies, per exemple, el nombre de resultats de la<br \/>\nrecerca per full o l&#8217;activaci\u00f3 del filtre SafeSearch. Ajusta els anuncis que apareixen a la cerca de Google.<\/td>\n<td style=\"width: 25%; height: 24px;\">en 2 anys<\/td>\n<\/tr>\n<tr style=\"height: 24px;\">\n<td style=\"width: 25%; height: 24px;\">google.com<\/td>\n<td style=\"width: 25%; height: 24px;\">SIDCC<\/td>\n<td style=\"width: 25%; height: 24px;\">Descarregar certes eines de Google i guardar certes<br \/>\nprefer\u00e8ncies, per exemple, el nombre de resultats de la<br \/>\nrecerca per full o l&#8217;activaci\u00f3 del filtre SafeSearch. Ajusta els anuncis que apareixen a la cerca de Google.<\/td>\n<td style=\"width: 25%; height: 24px;\">en un any<\/td>\n<\/tr>\n<\/tbody>\n<\/table>\n<table style=\"border-collapse: collapse; width: 100%;\" border=\"1\">\n<tbody>\n<tr>\n<td style=\"width: 25%;\">google.com<\/td>\n<td style=\"width: 25%;\">SSID<\/td>\n<td style=\"width: 25%;\">Baixa determinades eines de Google i desa determinades<br \/>\nprefer\u00e8ncies, per exemple, el nombre de resultats de cerca<br \/>\nper p\u00e0gina o l\u2019activaci\u00f3 del filtre SafeSearch. Ajusta els<br \/>\nanuncis que apareixen a la Cerca de Google.<\/td>\n<td style=\"width: 25%;\">en 2 anys<\/td>\n<\/tr>\n<\/tbody>\n<\/table>\n<p><strong>COOKIES DE TERCERS<\/strong><\/p>\n<p>Els serveis de tercers s\u00f3n aliens al control de l\u2019editor. Els prove\u00efdors poden modificar en qualsevol moment les seves<br \/>\ncondicions de servei, finalitat i \u00fas de les cookies, etc.<\/p>\n<p><strong>Prove\u00efdors externs d\u2019aquest lloc web:<\/strong><\/p>\n<table style=\"border-collapse: collapse; width: 100%;\" border=\"1\">\n<tbody>\n<tr style=\"height: 24px;\">\n<td style=\"width: 50%; text-align: center; height: 24px;\"><strong>Editor<\/strong><\/td>\n<td style=\"width: 50%; text-align: center; height: 24px;\"><strong>Pol\u00edtica de privacitat<\/strong><\/td>\n<\/tr>\n<tr style=\"height: 24px;\">\n<td style=\"width: 50%; height: 24px;\">Google Analytics<\/td>\n<td style=\"width: 50%; height: 24px;\"><a href=\"https:\/\/safety.google\/privacy\/privacy-controls\/\" target=\"_blank\" rel=\"noopener\">https:\/\/privacy.google.com\/take-control.html<\/a><\/td>\n<\/tr>\n<tr style=\"height: 24px;\">\n<td style=\"width: 50%; height: 24px;\">Google<\/td>\n<td style=\"width: 50%; height: 24px;\"><a href=\"https:\/\/safety.google\/privacy\/privacy-controls\/\" target=\"_blank\" rel=\"noopener\">https:\/\/privacy.google.com\/take-control.html<\/a><\/td>\n<\/tr>\n<tr style=\"height: 24px;\">\n<td style=\"width: 50%; height: 24px;\">Google<\/td>\n<td style=\"width: 50%; height: 24px;\"><a href=\"https:\/\/safety.google\/privacy\/privacy-controls\/\" target=\"_blank\" rel=\"noopener\">https:\/\/safety.google\/privacy\/privacy-controls\/<\/a><\/td>\n<\/tr>\n<\/tbody>\n<\/table>\n<p><strong>PANELL DE CONFIGURACI\u00d3 DE COOKIES<\/strong><\/p>\n<p>Des d\u2019aquest panell pot configurar les cookies que el lloc web pot instal\u00b7lar en el seu navegador, excepte les cookies\u00a0t\u00e8cniques o funcionals que s\u00f3n necess\u00e0ries per a la navegaci\u00f3 i la utilitzaci\u00f3 de les diferents opcions o serveis que s\u2019ofereixen.<\/p>\n<p><strong>Acc\u00e9s al panell<\/strong><\/p>\n<p><strong>COM GESTIONAR LES COOKIES DES DEL NAVEGADOR<\/strong><\/p>\n<table style=\"border-collapse: collapse; width: 100%;\" border=\"1\">\n<tbody>\n<tr style=\"height: 24px;\">\n<td style=\"width: 50%; height: 24px;\"><strong>Eliminar les cookies del dispositiu<\/strong><\/td>\n<td style=\"width: 50%; height: 24px;\">Les cookies que ja es troben en un dispositiu es poden eliminar esborrant l\u2019historial del navegador, de manera que se suprimeixen les cookies de tots els llocs web visitats. No obstant aix\u00f2, tamb\u00e9 es pot perdre part de la informaci\u00f3 desada (per exemple, les dades d\u2019inici de sessi\u00f3 o les prefer\u00e8ncies de lloc web).<\/td>\n<\/tr>\n<tr style=\"height: 24px;\">\n<td style=\"width: 50%; height: 24px;\"><strong>Gestionar les cookies espec\u00edfiques del lloc<\/strong><\/td>\n<td style=\"width: 50%; height: 24px;\">Per tenir un control m\u00e9s prec\u00eds de les cookies espec\u00edfiques de cada lloc, els usuaris poden ajustar la seva configuraci\u00f3 de privacitat i cookies al navegador.<\/td>\n<\/tr>\n<tr style=\"height: 24px;\">\n<td style=\"width: 50%; height: 24px;\"><strong>Bloquejar les cookies<\/strong><\/td>\n<td style=\"width: 50%; height: 24px;\">Encara que la majoria dels navegadors moderns es poden configurar per evitar que s\u2019instal\u00b7lin cookies en els dispositius, aix\u00f2 pot obligar a ajustar manualment determinades prefer\u00e8ncies cada vegada que es visiti un lloc o p\u00e0gina. A m\u00e9s, alguns serveis i caracter\u00edstiques poden no funcionar correctament (per exemple, els inicis de sessi\u00f3 amb perfil).<\/td>\n<\/tr>\n<\/tbody>\n<\/table>\n<p><strong>COM ELIMINAR LES COOKIES DELS NAVEGADORS M\u00c9S COMUNS<\/strong><\/p>\n<table style=\"border-collapse: collapse; width: 100%;\" border=\"1\">\n<tbody>\n<tr style=\"height: 24px;\">\n<td style=\"width: 50%; height: 24px;\"><strong>Chrome<\/strong><\/td>\n<td style=\"width: 50%; height: 24px;\"><a href=\"https:\/\/support.google.com\/chrome\/answer\/95647?hl=es\" target=\"_blank\" rel=\"noopener\">https:\/\/support.google.com\/chrome\/<\/a><\/td>\n<\/tr>\n<tr style=\"height: 24px;\">\n<td style=\"width: 50%; height: 24px;\"><strong>Internet Explorer. Versi\u00f3 11<\/strong><\/td>\n<td style=\"width: 50%; height: 24px;\"><a href=\"https:\/\/support.microsoft.com\/es-es\/help\/278835\/how-to-delete-cookie-files-in-internet-explorer\" target=\"_blank\" rel=\"noopener\">https:\/\/support.microsoft.com\/<\/a><\/td>\n<\/tr>\n<tr style=\"height: 24px;\">\n<td style=\"width: 50%; height: 24px;\"><strong>Firefox. Versi\u00f3 65.0.1<\/strong><\/td>\n<td style=\"width: 50%; height: 24px;\"><a href=\"https:\/\/www.mozilla.org\/es-ES\/privacy\/websites\/#cookies\" target=\"_blank\" rel=\"noopener\">https:\/\/mozilla.org\/<\/a><\/td>\n<\/tr>\n<tr style=\"height: 24px;\">\n<td style=\"width: 50%; height: 24px;\"><strong>Safari Versi\u00f3 5.1<\/strong><\/td>\n<td style=\"width: 50%; height: 24px;\"><a href=\"https:\/\/support.apple.com\/es-es\/guide\/safari\/sfri11471\/mac\" target=\"_blank\" rel=\"noopener\">https:\/\/support.apple.com\/<\/a><\/td>\n<\/tr>\n<tr style=\"height: 24px;\">\n<td style=\"width: 50%; height: 24px;\"><strong>Opera<\/strong><\/td>\n<td style=\"width: 50%; height: 24px;\"><a href=\"https:\/\/help.opera.com\/en\/latest\/security-and-privacy\/#clearBrowsingData\" target=\"_blank\" rel=\"noopener\">https:\/\/help.opera.com\/<\/a><\/td>\n<\/tr>\n<\/tbody>\n<\/table>\n<p><\/p>\n","protected":false},"excerpt":{"rendered":"<p>&nbsp; INFORMACI\u00d3 SOBRE COOKIES A causa de l\u2019entrada en vigor de la referent modificaci\u00f3 de la \u00abLlei de Serveis de la Societat de la Informaci\u00f3 (LSSICE) establerta pel Reial Decret 13\/2012, \u00e9s obligat obtenir el consentiment expr\u00e9s de l\u2019usuari de totes les p\u00e0gines web que utilitzen cookies prescindibles, abans que aquest navegui per elles. &nbsp; [&hellip;]<\/p>\n","protected":false},"author":1,"featured_media":0,"parent":0,"menu_order":0,"comment_status":"closed","ping_status":"closed","template":"","meta":{"footnotes":""},"class_list":["post-1315","page","type-page","status-publish","hentry"],"_links":{"self":[{"href":"https:\/\/www.hotelcalina.com\/ca\/wp-json\/wp\/v2\/pages\/1315","targetHints":{"allow":["GET"]}}],"collection":[{"href":"https:\/\/www.hotelcalina.com\/ca\/wp-json\/wp\/v2\/pages"}],"about":[{"href":"https:\/\/www.hotelcalina.com\/ca\/wp-json\/wp\/v2\/types\/page"}],"author":[{"embeddable":true,"href":"https:\/\/www.hotelcalina.com\/ca\/wp-json\/wp\/v2\/users\/1"}],"replies":[{"embeddable":true,"href":"https:\/\/www.hotelcalina.com\/ca\/wp-json\/wp\/v2\/comments?post=1315"}],"version-history":[{"count":6,"href":"https:\/\/www.hotelcalina.com\/ca\/wp-json\/wp\/v2\/pages\/1315\/revisions"}],"predecessor-version":[{"id":1423,"href":"https:\/\/www.hotelcalina.com\/ca\/wp-json\/wp\/v2\/pages\/1315\/revisions\/1423"}],"wp:attachment":[{"href":"https:\/\/www.hotelcalina.com\/ca\/wp-json\/wp\/v2\/media?parent=1315"}],"curies":[{"name":"wp","href":"https:\/\/api.w.org\/{rel}","templated":true}]}}